{"id":12305,"date":"2026-01-22T16:45:32","date_gmt":"2026-01-22T16:45:32","guid":{"rendered":"https:\/\/rareecommerce.shop\/?page_id=12305"},"modified":"2026-01-23T12:48:26","modified_gmt":"2026-01-23T12:48:26","slug":"terms-conditions","status":"publish","type":"page","link":"https:\/\/rareecommerce.shop\/da\/terms-conditions\/","title":{"rendered":"Vilk\u00e5r og betingelser"},"content":{"rendered":"<div data-elementor-type=\"wp-page\" data-elementor-id=\"12305\" class=\"elementor elementor-12305\" data-elementor-post-type=\"page\">\n\t\t\t\t<div class=\"elementor-element elementor-element-1310f05 e-flex e-con-boxed e-con e-parent\" data-id=\"1310f05\" data-element_type=\"container\" data-settings=\"{&quot;ekit_has_onepagescroll_dot&quot;:&quot;yes&quot;}\">\n\t\t\t\t\t<div class=\"e-con-inner\">\n\t\t\t\t<div class=\"elementor-element elementor-element-d565157 elementor-widget elementor-widget-html\" data-id=\"d565157\" data-element_type=\"widget\" data-settings=\"{&quot;ekit_we_effect_on&quot;:&quot;none&quot;}\" data-widget_type=\"html.default\">\n\t\t\t\t<div class=\"elementor-widget-container\">\n\t\t\t\t\t<section style=\"  max-width: 1100px;  margin: 60px auto;  padding: 60px 40px;  background: #FFF7F3;  border-radius: 16px;  font-family: -apple-system, BlinkMacSystemFont, 'Segoe UI', Roboto, Arial, sans-serif;  color: #333;  line-height: 1.75;\">\r\n\r\n  <!-- \u6807\u9898 -->\r\n  <h1 style=\"    font-size: 40px;    font-weight: 800;    color: #E95D2A;    margin-bottom: 20px;  \">\r\n    Vilk\u00e5r og betingelser\r\n  <\/h1>\r\n\r\n  <p style=\"max-width:900px;margin-bottom:40px;\">\r\n    Ved at g\u00e5 ind p\u00e5 eller bruge dette websted accepterer du at v\u00e6re bundet af disse vilk\u00e5r og betingelser.\r\n    Hvis du ikke er enig, skal du straks stoppe med at bruge webstedet.\r\n  <\/p>\r\n\r\n  <!-- 1 -->\r\n  <h2 style=\"color:#E95D2A;\">1. Brug af hjemmeside<\/h2>\r\n  <div style=\"background:#fff;padding:28px;border-radius:14px;box-shadow:0 8px 24px rgba(233,93,42,.12);margin-bottom:40px;\">\r\n    <ul>\r\n      <li>Du accepterer at bruge dette websted lovligt og i god tro.<\/li>\r\n      <li>Vi forbeholder os ret til at suspendere eller lukke konti, der overtr\u00e6der disse vilk\u00e5r.<\/li>\r\n    <\/ul>\r\n  <\/div>\r\n\r\n  <!-- 2 -->\r\n  <h2 style=\"color:#E95D2A;\">2. Ordreproces<\/h2>\r\n  <div style=\"background:#fff;padding:28px;border-radius:14px;box-shadow:0 8px 24px rgba(233,93,42,.12);margin-bottom:40px;\">\r\n    <p>\r\n      Gennemse \u2192 L\u00e6g i kurv \u2192 Kasse \u2192 Betaling \u2192 Ordrebekr\u00e6ftelse\r\n    <\/p>\r\n    <p>\r\n      E-mailen med ordrebekr\u00e6ftelsen udg\u00f8r et bevis p\u00e5 en bindende k\u00f8bsaftale.\r\n    <\/p>\r\n  <\/div>\r\n\r\n  <!-- 3 -->\r\n  <h2 style=\"color:#E95D2A;\">3. Beskrivelse af produktet<\/h2>\r\n  <div style=\"background:#fff;padding:28px;border-radius:14px;box-shadow:0 8px 24px rgba(233,93,42,.12);margin-bottom:40px;\">\r\n    <p>\r\n      P\u00e5 grund af produktionspartier og lysforhold kan de faktiske produkter vise mindre\r\n      variationer i farve eller detaljer.\r\n    <\/p>\r\n    <p>\r\n      Hvis et produkt afviger v\u00e6sentligt fra beskrivelsen, kan du ans\u00f8ge om at returnere det.\r\n    <\/p>\r\n  <\/div>\r\n\r\n  <!-- 4 -->\r\n  <h2 style=\"color:#E95D2A;\">4. Prisjusteringer<\/h2>\r\n  <div style=\"background:#fff;padding:28px;border-radius:14px;box-shadow:0 8px 24px rgba(233,93,42,.12);margin-bottom:40px;\">\r\n    <p>\r\n      Kampagnepriserne tr\u00e6der i kraft med det samme. Ordrer, der allerede er betalt for, vil ikke blive p\u00e5virket\r\n      af efterf\u00f8lgende pris\u00e6ndringer.\r\n    <\/p>\r\n  <\/div>\r\n\r\n  <!-- 5 -->\r\n  <h2 style=\"color:#E95D2A;\">5. Forpligtelse til levering<\/h2>\r\n  <div style=\"background:#fff;padding:28px;border-radius:14px;box-shadow:0 8px 24px rgba(233,93,42,.12);margin-bottom:40px;\">\r\n    <ul>\r\n      <li>Ordrer afsendes inden for <strong>1-2 arbejdsdage<\/strong>.<\/li>\r\n      <li>Den gennemsnitlige leveringstid er <strong>3-7 dage<\/strong> landsd\u00e6kkende (fjerntliggende omr\u00e5der kan tage l\u00e6ngere tid).<\/li>\r\n      <li>Eventuelle forsinkelser vil blive kommunikeret proaktivt.<\/li>\r\n    <\/ul>\r\n  <\/div>\r\n\r\n  <!-- 6 -->\r\n  <h2 style=\"color:#E95D2A;\">6. 30 dages bekymringsfri returnering og ombytning<\/h2>\r\n  <div style=\"background:#fff;padding:28px;border-radius:14px;box-shadow:0 8px 24px rgba(233,93,42,.12);margin-bottom:40px;\">\r\n    <ul>\r\n      <li>30 dages returnering og ombytning uden begrundelse.<\/li>\r\n      <li>Alle omkostninger til returforsendelse d\u00e6kkes af os.<\/li>\r\n      <li>Enkel proces: Kontakt support \u2192 Returner varen \u2192 Hurtig tilbagebetaling.<\/li>\r\n    <\/ul>\r\n  <\/div>\r\n\r\n  <!-- 7 -->\r\n  <h2 style=\"color:#E95D2A;\">7. Kvalitetssikring<\/h2>\r\n  <div style=\"background:#fff;padding:28px;border-radius:14px;box-shadow:0 8px 24px rgba(233,93,42,.12);margin-bottom:40px;\">\r\n    <p>\r\n      Hvis du st\u00f8der p\u00e5 kvalitetsproblemer, bedes du kontakte kundeservice med det samme.\r\n      Vi vil tage det fulde ansvar.\r\n    <\/p>\r\n  <\/div>\r\n\r\n  <!-- 8 -->\r\n  <h2 style=\"color:#E95D2A;\">8. Ansvarets omfang<\/h2>\r\n  <div style=\"background:#fff;padding:28px;border-radius:14px;box-shadow:0 8px 24px rgba(233,93,42,.12);margin-bottom:40px;\">\r\n    <p>\r\n      Selv om vi bestr\u00e6ber os p\u00e5 at sikre n\u00f8jagtighed, kan der forekomme fejl.\r\n      Vi er ikke ansvarlige for force majeure-begivenheder uden for vores kontrol.\r\n    <\/p>\r\n  <\/div>\r\n\r\n  <!-- 9 -->\r\n  <h2 style=\"color:#E95D2A;\">9. Intellektuel ejendom<\/h2>\r\n  <div style=\"background:#fff;padding:28px;border-radius:14px;box-shadow:0 8px 24px rgba(233,93,42,.12);margin-bottom:40px;\">\r\n    <p>\r\n      Alt indhold p\u00e5 hjemmesiden, herunder tekst, billeder og logoer, er juridisk beskyttet.\r\n      Uautoriseret brug er forbudt.\r\n    <\/p>\r\n  <\/div>\r\n\r\n  <!-- 10 -->\r\n  <h2 style=\"color:#E95D2A;\">10. Fortrolighed og sikkerhed<\/h2>\r\n  <p>\r\n    Se vores privatlivspolitik for detaljer om, hvordan personlige oplysninger h\u00e5ndteres.\r\n    Vi er forpligtet til at beskytte dine data.\r\n  <\/p>\r\n\r\n  <!-- 11 -->\r\n  <h2 style=\"color:#E95D2A;\">11. Effektivitet og opdateringer af vilk\u00e5r<\/h2>\r\n  <p>\r\n    Fortsat brug af dette websted indikerer accept af disse vilk\u00e5r.\r\n    Vi forbeholder os ret til at opdatere dem efter behov.\r\n  <\/p>\r\n\r\n  <!-- \u5e95\u90e8\u5f3a\u8c03 -->\r\n  <div style=\"    margin-top:50px;    padding:26px;    background:#FFE2D7;    border-radius:12px;    text-align:center;  \">\r\n    <p style=\"margin:0;font-weight:600;color:#E95D2A;font-size:18px;\">\r\n      Disse vilk\u00e5r er designet til at beskytte b\u00e5de dig og os og sikre en fair og gennemsigtig shoppingoplevelse.\r\n    <\/p>\r\n  <\/div>\r\n\r\n<\/section>\r\n\t\t\t\t<\/div>\n\t\t\t\t<\/div>\n\t\t\t\t\t<\/div>\n\t\t\t\t<\/div>\n\t\t\t\t<\/div>","protected":false},"excerpt":{"rendered":"<p>Terms and Conditions By accessing or using this website, you agree to be bound by these Terms and Conditions. If&#8230;<\/p>","protected":false},"author":1,"featured_media":0,"parent":0,"menu_order":0,"comment_status":"closed","ping_status":"closed","template":"","meta":{"_acf_changed":false,"footnotes":""},"class_list":["post-12305","page","type-page","status-publish","hentry"],"acf":[],"_links":{"self":[{"href":"https:\/\/rareecommerce.shop\/da\/wp-json\/wp\/v2\/pages\/12305","targetHints":{"allow":["GET"]}}],"collection":[{"href":"https:\/\/rareecommerce.shop\/da\/wp-json\/wp\/v2\/pages"}],"about":[{"href":"https:\/\/rareecommerce.shop\/da\/wp-json\/wp\/v2\/types\/page"}],"author":[{"embeddable":true,"href":"https:\/\/rareecommerce.shop\/da\/wp-json\/wp\/v2\/users\/1"}],"replies":[{"embeddable":true,"href":"https:\/\/rareecommerce.shop\/da\/wp-json\/wp\/v2\/comments?post=12305"}],"version-history":[{"count":10,"href":"https:\/\/rareecommerce.shop\/da\/wp-json\/wp\/v2\/pages\/12305\/revisions"}],"predecessor-version":[{"id":12476,"href":"https:\/\/rareecommerce.shop\/da\/wp-json\/wp\/v2\/pages\/12305\/revisions\/12476"}],"wp:attachment":[{"href":"https:\/\/rareecommerce.shop\/da\/wp-json\/wp\/v2\/media?parent=12305"}],"curies":[{"name":"wp","href":"https:\/\/api.w.org\/{rel}","templated":true}]}}