{"id":12524,"date":"2026-01-23T14:44:50","date_gmt":"2026-01-23T14:44:50","guid":{"rendered":"https:\/\/rareecommerce.shop\/?post_type=product&#038;p=12524"},"modified":"2026-01-23T20:26:16","modified_gmt":"2026-01-23T20:26:16","slug":"indoor-tv-antenna-360-long-range-4k-hdtv-reception","status":"publish","type":"product","link":"https:\/\/rareecommerce.shop\/da\/vare\/indoor-tv-antenna-360-long-range-4k-hdtv-reception\/","title":{"rendered":"Indend\u00f8rs tv-antenne - 360\u00b0 langtr\u00e6kkende 4K HDTV-modtagelse"},"content":{"rendered":"<ul class=\"a-unordered-list a-vertical a-spacing-mini\">\n<li class=\"a-spacing-mini\"><span class=\"a-list-item\">\ud83d\udd4e\u3010TV-ANTENNE TIL LOKALE KANALER\u3011 ikke mere behov for at betale en K\u00c6MPE regning p\u00e5 tv. Du kan modtage fulde HD-kanaler som ABC, CBS, NBC, PBC, Fox og meget mere. Underst\u00f8tter 4K 1080p og andre digitale formater.<\/span><\/li>\n<li class=\"a-spacing-mini\"><span class=\"a-list-item\">\ud83d\udd4e\u3010OP TIL 200 MILS R\u00c6KKEVIDDE\u3011Vores tv-antenner er af h\u00f8jeste kvalitet og har en ekstremt bred signalr\u00e6kkevidde, op til 200 mils modtagelse. Den anvender en opgraderet Smart IC Chip, som kan modtage signaler 360\u00b0 og filtrere mobil- og FM-signaler fra, hvilket giver dig et klarere billede og h\u00f8j stemmekvalitet, samtidig med at st\u00f8j minimeres. Det giver dig en krystalklar oplevelse af alle st\u00f8rre HD-kanaler.<\/span><\/li>\n<li class=\"a-spacing-mini\"><span class=\"a-list-item\">\ud83d\udd4e\u3010FULD HD-KANALER\u3011Den digitale antenne underst\u00f8tter ikke kun indend\u00f8rs og udend\u00f8rs brug, men kan ogs\u00e5 bruges i d\u00e5rligt vejr. Den p\u00e5virkes ikke af tordenvejr. S\u00e6t den nemt p\u00e5 v\u00e6ggen og bordet \/ brug nylon til at fastg\u00f8re antennen udend\u00f8rs \/ brug skruer til at fastg\u00f8re antennen p\u00e5 v\u00e6ggen. H\u00e6ng antennen p\u00e5 et vindue eller udend\u00f8rs for at hj\u00e6lpe dig med at f\u00e5 en mere stabil og st\u00e6rkere signalmodtagelse.<\/span><\/li>\n<li class=\"a-spacing-mini\"><span class=\"a-list-item\">\ud83d\udd4e\u3010NEM OPS\u00c6TNING\u30111. Tilslut antennen til \u2018CABLE-ANT IN\u2019 p\u00e5 bagsiden af ethvert HDTV;2. Placer antennen - p\u00e5 bordet, v\u00e6ggen eller vinduet (anbefales kraftigt);3. Scan efter kanaler ved hj\u00e6lp af dit tv's \u2018Kanals\u00f8gning\u2019, og nyd gratis fuld HD-tv.<\/span><\/li>\n<\/ul>\n<p><img decoding=\"async\" src=\"https:\/\/ae01.alicdn.com\/kf\/Sf64bf706130742238323b10d8137b223a.jpg\" \/><img decoding=\"async\" src=\"https:\/\/ae01.alicdn.com\/kf\/S9c14a43624c64f6991bbce6441d1fe37B.jpg\" \/><img decoding=\"async\" src=\"https:\/\/ae01.alicdn.com\/kf\/S783866a7a4304a209072d46fa1b957f4d.jpg?width=750&amp;height=797&amp;hash=1547\" \/><img decoding=\"async\" src=\"https:\/\/ae01.alicdn.com\/kf\/S3954dbc3c5f04dcb82a90346b473eb8a5.jpg?width=750&amp;height=758&amp;hash=1508\" \/><img decoding=\"async\" src=\"https:\/\/ae01.alicdn.com\/kf\/S6f65b9d97cce42a288a9579fa48cc9a5s.jpg\" \/><img decoding=\"async\" src=\"https:\/\/ae01.alicdn.com\/kf\/Sf346cc7f1a0045c7bb53ee032799aa85b.jpg?width=1000&amp;height=1444&amp;hash=2444\" \/><img decoding=\"async\" src=\"https:\/\/ae01.alicdn.com\/kf\/S8813ed06fa0e47bf8de53774a9cc35d3b.jpg\" \/><img decoding=\"async\" src=\"https:\/\/ae01.alicdn.com\/kf\/Se74740c2d2cb41478b2341d1854bdd68K.jpg\" \/><\/p>","protected":false},"excerpt":{"rendered":"<p>\ud83d\udd4e\u3010TV ANTENNA FOR LOCAL CHANNELS\u3011 no more need to pay a HUGE bill on TV. You can receive full HD&#8230;<\/p>","protected":false},"featured_media":12565,"comment_status":"open","ping_status":"closed","template":"","meta":{"_acf_changed":false},"etheme_brands":[],"product_brand":[],"product_cat":[118],"product_tag":[],"class_list":{"0":"post-12524","1":"product","2":"type-product","3":"status-publish","4":"has-post-thumbnail","6":"product_cat-sale-shop","8":"first","9":"instock","10":"sale","11":"shipping-taxable","12":"purchasable","13":"product-type-variable","14":"wvs-archive-product-wrapper"},"acf":[],"_links":{"self":[{"href":"https:\/\/rareecommerce.shop\/da\/wp-json\/wp\/v2\/product\/12524","targetHints":{"allow":["GET"]}}],"collection":[{"href":"https:\/\/rareecommerce.shop\/da\/wp-json\/wp\/v2\/product"}],"about":[{"href":"https:\/\/rareecommerce.shop\/da\/wp-json\/wp\/v2\/types\/product"}],"replies":[{"embeddable":true,"href":"https:\/\/rareecommerce.shop\/da\/wp-json\/wp\/v2\/comments?post=12524"}],"version-history":[{"count":1,"href":"https:\/\/rareecommerce.shop\/da\/wp-json\/wp\/v2\/product\/12524\/revisions"}],"predecessor-version":[{"id":12564,"href":"https:\/\/rareecommerce.shop\/da\/wp-json\/wp\/v2\/product\/12524\/revisions\/12564"}],"wp:featuredmedia":[{"embeddable":true,"href":"https:\/\/rareecommerce.shop\/da\/wp-json\/wp\/v2\/media\/12565"}],"wp:attachment":[{"href":"https:\/\/rareecommerce.shop\/da\/wp-json\/wp\/v2\/media?parent=12524"}],"wp:term":[{"taxonomy":"brand","embeddable":true,"href":"https:\/\/rareecommerce.shop\/da\/wp-json\/wp\/v2\/etheme_brands?post=12524"},{"taxonomy":"product_brand","embeddable":true,"href":"https:\/\/rareecommerce.shop\/da\/wp-json\/wp\/v2\/product_brand?post=12524"},{"taxonomy":"product_cat","embeddable":true,"href":"https:\/\/rareecommerce.shop\/da\/wp-json\/wp\/v2\/product_cat?post=12524"},{"taxonomy":"product_tag","embeddable":true,"href":"https:\/\/rareecommerce.shop\/da\/wp-json\/wp\/v2\/product_tag?post=12524"}],"curies":[{"name":"wp","href":"https:\/\/api.w.org\/{rel}","templated":true}]}}