{"id":12668,"date":"2026-01-23T16:00:11","date_gmt":"2026-01-23T16:00:11","guid":{"rendered":"https:\/\/rareecommerce.shop\/?post_type=product&#038;p=12668"},"modified":"2026-01-23T20:44:24","modified_gmt":"2026-01-23T20:44:24","slug":"120w-50000mah-portable-power-bank-with-built-in-cables-led-light","status":"publish","type":"product","link":"https:\/\/rareecommerce.shop\/da\/vare\/120w-50000mah-portable-power-bank-with-built-in-cables-led-light\/","title":{"rendered":"120W 50000mAh b\u00e6rbar powerbank med indbyggede kabler og LED-lys"},"content":{"rendered":"<div class=\"detailmodule_text\">\n<p class=\"detail-desc-decorate-content\">Dette produkt kan oplade mobiltelefoner og tablets p\u00e5 en intelligent m\u00e5de, og der er ingen opladningsprotokol for b\u00e6rbare computere! Du kan oplade flere mobiltelefoner samtidig!<br \/>\nSpecifikationer:<br \/>\nFunktioner: Tre gr\u00e6nseflader, digitalt display<br \/>\nUnderst\u00f8tter Quick Charge-teknologi: Tovejs hurtigopladning<br \/>\nIndgangsinterface: Micro USB, USB Type C<br \/>\nUdgangsgr\u00e6nseflade: 4 USB-A, USB-Type C<br \/>\nBatteritype: Li-polymer-batteri<br \/>\nCertificering: CE<br \/>\nMaks. indgang: 120W<\/p>\n<p>Emballage medf\u00f8lger:<br \/>\n1 x powerbank<br \/>\n1 x salgs\u00e6ske<\/p>\n<p>Specifikationer:<\/p>\n<p>Kapacitet: Med en svimlende kapacitet p\u00e5 100.000 mAh sikrer denne powerbank, at du aldrig l\u00f8ber t\u00f8r for str\u00f8m, uanset hvor str\u00f8mslugende dine enheder er. Uanset om du er p\u00e5 en lang rejse, campingtur eller bare navigerer i en travl hverdag, giver denne powerbank rigeligt med str\u00f8m til at holde dine enheder opladet flere gange uden behov for hyppige opladninger.<\/p>\n<p>2. Kompatibilitet:<br \/>\nDenne powerbank er designet med tanke p\u00e5 alsidighed og er konstrueret til at underst\u00f8tte en lang r\u00e6kke enheder, herunder smartphones, tablets, Bluetooth-hovedtelefoner og meget mere. Den er fuldt kompatibel med Huawei-, Xiaomi- og Samsung-enheder, hvilket sikrer problemfri opladning p\u00e5 tv\u00e6rs af forskellige m\u00e6rker og modeller. Uanset om du ejer den nyeste flagskibs smartphone eller en budgetvenlig enhed, er du d\u00e6kket ind med denne powerbank.<\/p>\n<p>3. Avancerede sikkerhedsfunktioner:<br \/>\nSikkerhed er altafg\u00f8rende, n\u00e5r det g\u00e6lder opladning af enheder, og derfor er denne powerbank udstyret med avancerede sikkerhedsfunktioner, der beskytter b\u00e5de dine enheder og selve powerbanken. Indbyggede sikkerhedsforanstaltninger som overopladningsbeskyttelse, kortslutningsbeskyttelse og temperaturkontrolmekanismer sikrer, at dine enheder oplades sikkert og effektivt uden risiko for skader fra sp\u00e6ndingsspidser eller overophedning.<\/p>\n<p>4. Kompakt og b\u00e6rbart design:<br \/>\nP\u00e5 trods af sin enorme kapacitet er denne powerbank overraskende kompakt og let, hvilket g\u00f8r den ideel til rejser, udend\u00f8rs eventyr eller hverdagsbrug. Det slanke og ergonomiske design ligger godt i h\u00e5nden eller i lommen, s\u00e5 du nemt kan have den med dig, uanset hvor du er. Uanset om du pendler til arbejde, udforsker naturen eller bare slapper af derhjemme, giver denne powerbank dig p\u00e5lidelig backup-str\u00f8m, n\u00e5r du har mest brug for det.<\/p>\n<p>5. LED-indikatorlys:<br \/>\nHold dig orienteret om den resterende batterikapacitet i din powerbank p\u00e5 et \u00f8jeblik med de indbyggede LED-indikatorlamper. Disse intuitive lys viser det aktuelle str\u00f8mniveau og sikrer, at du aldrig bliver overrumplet af et fladt batteri. Uanset om du har brug for at genoplade powerbanken eller prioritere, hvilke enheder der skal oplades f\u00f8rst, giver LED-indikatorerne feedback i realtid, s\u00e5 du er informeret og forberedt.<\/p>\n<\/div>\n<div class=\"detailmodule_image\"><img decoding=\"async\" class=\"detail-desc-decorate-image\" src=\"https:\/\/ae01.alicdn.com\/kf\/S851dae60b3d04ea9a802fb3de493bf13W.jpg?width=1000&amp;height=1000&amp;hash=2000\" data-id=\"ckeditor_img24\" \/>\u00a0<img decoding=\"async\" class=\"detail-desc-decorate-image\" src=\"https:\/\/ae01.alicdn.com\/kf\/S53cb16f7700b4495ad59cd3447fd4a1aJ.jpg?width=1000&amp;height=1000&amp;hash=2000\" data-id=\"ckeditor_img25\" \/>\u00a0<img decoding=\"async\" class=\"detail-desc-decorate-image\" src=\"https:\/\/ae01.alicdn.com\/kf\/S043fa1ae784344c8a408f25d3b2ec5a1F.jpg?width=1000&amp;height=1000&amp;hash=2000\" data-id=\"ckeditor_img26\" \/>\u00a0<img decoding=\"async\" class=\"detail-desc-decorate-image\" src=\"https:\/\/ae01.alicdn.com\/kf\/S1a94727fa7874743bc0d0d025b73f072R.jpg?width=1000&amp;height=1000&amp;hash=2000\" data-id=\"ckeditor_img27\" \/>\u00a0<img decoding=\"async\" class=\"detail-desc-decorate-image\" src=\"https:\/\/ae01.alicdn.com\/kf\/S11d5908165624d43bd30203348d2f21dh.jpg?width=1000&amp;height=1000&amp;hash=2000\" data-id=\"ckeditor_img28\" \/>\u00a0<img decoding=\"async\" class=\"detail-desc-decorate-image\" src=\"https:\/\/ae01.alicdn.com\/kf\/S7904c851c78541a588f20a850bd730d4c.jpg?width=1000&amp;height=1000&amp;hash=2000\" data-id=\"ckeditor_img29\" \/><\/div>\n<div class=\"detailmodule_image\"><img decoding=\"async\" class=\"detail-desc-decorate-image\" src=\"https:\/\/ae01.alicdn.com\/kf\/S1b4711088dde4e37b47362de9f9c52f5N.jpg?width=1000&amp;height=2015&amp;hash=3015\" data-id=\"ckeditor_img30\" \/>\u00a0<img decoding=\"async\" class=\"detail-desc-decorate-image\" src=\"https:\/\/ae01.alicdn.com\/kf\/Sc1ca0d31ae4245cab69774a3e8a80ef9N.jpg?width=1000&amp;height=2135&amp;hash=3135\" data-id=\"ckeditor_img31\" \/>\u00a0<img decoding=\"async\" class=\"detail-desc-decorate-image\" src=\"https:\/\/ae01.alicdn.com\/kf\/S604ca680a7f3403886be9c4a2734f229E.jpg?width=1000&amp;height=2128&amp;hash=3128\" data-id=\"ckeditor_img32\" \/>\u00a0<img decoding=\"async\" class=\"detail-desc-decorate-image\" src=\"https:\/\/ae01.alicdn.com\/kf\/S2a75ce7398784588a2bf6472257c9b1ev.jpg?width=1000&amp;height=1815&amp;hash=2815\" data-id=\"ckeditor_img33\" \/>\u00a0<img decoding=\"async\" class=\"detail-desc-decorate-image\" src=\"https:\/\/ae01.alicdn.com\/kf\/Sbd78625e45db4386911e7170e2659c02a.jpg?width=1000&amp;height=2268&amp;hash=3268\" data-id=\"ckeditor_img34\" \/>\u00a0<img decoding=\"async\" class=\"detail-desc-decorate-image\" src=\"https:\/\/ae01.alicdn.com\/kf\/Sc0b15f173ce24597a6001a95b02de80dJ.jpg?width=1000&amp;height=834&amp;hash=1834\" data-id=\"ckeditor_img35\" \/>\u00a0<img decoding=\"async\" class=\"detail-desc-decorate-image\" src=\"https:\/\/ae01.alicdn.com\/kf\/S706c0fcb65de47568e35666235f9eb78j.jpg?width=1000&amp;height=834&amp;hash=1834\" data-id=\"ckeditor_img36\" \/>\u00a0<img decoding=\"async\" class=\"detail-desc-decorate-image\" src=\"https:\/\/ae01.alicdn.com\/kf\/S9dd63f751d6646c7ad8c4252fe56270b6.jpg?width=1000&amp;height=2154&amp;hash=3154\" data-id=\"ckeditor_img37\" \/>\u00a0<img decoding=\"async\" class=\"detail-desc-decorate-image\" src=\"https:\/\/ae01.alicdn.com\/kf\/Sedea7fac11b945f18fccfe0f4a52fb4fL.jpg?width=1000&amp;height=2338&amp;hash=3338\" data-id=\"ckeditor_img38\" \/>\u00a0<img decoding=\"async\" class=\"detail-desc-decorate-image\" src=\"https:\/\/ae01.alicdn.com\/kf\/Se7398eb05504443c9b61cfefa471b767L.jpg?width=1000&amp;height=1723&amp;hash=2723\" data-id=\"ckeditor_img39\" \/><\/div>\n<div class=\"detailmodule_image\"><img decoding=\"async\" class=\"detail-desc-decorate-image\" src=\"https:\/\/ae01.alicdn.com\/kf\/S5c596021572b4c5297389aa2806108ddX.jpg?width=1000&amp;height=642&amp;hash=1642\" data-id=\"ckeditor_img40\" \/>\u00a0<img decoding=\"async\" class=\"detail-desc-decorate-image\" src=\"https:\/\/ae01.alicdn.com\/kf\/Sc5de9920d0444d04a2f47bc4f20a8a66i.jpg?width=1000&amp;height=1875&amp;hash=2875\" data-id=\"ckeditor_img41\" \/>\u00a0<img decoding=\"async\" class=\"detail-desc-decorate-image\" src=\"https:\/\/ae01.alicdn.com\/kf\/Sb122f1fa2c8342b5bfb89fb03540ba1by.jpg?width=800&amp;height=800&amp;hash=1600\" data-id=\"ckeditor_img42\" \/>\u00a0<img decoding=\"async\" class=\"detail-desc-decorate-image\" src=\"https:\/\/ae01.alicdn.com\/kf\/S4f4806371af74f6fbc78a21a739f7f742.jpg?width=800&amp;height=800&amp;hash=1600\" data-id=\"ckeditor_img43\" \/><\/div>","protected":false},"excerpt":{"rendered":"<p>This product can intelligently charge mobile phones and tablets, and there is no charging protocol for laptops! You can charge&#8230;<\/p>","protected":false},"featured_media":12696,"comment_status":"open","ping_status":"closed","template":"","meta":{"_acf_changed":false},"etheme_brands":[],"product_brand":[],"product_cat":[118],"product_tag":[],"class_list":{"0":"post-12668","1":"product","2":"type-product","3":"status-publish","4":"has-post-thumbnail","6":"product_cat-sale-shop","8":"first","9":"instock","10":"sale","11":"shipping-taxable","12":"purchasable","13":"product-type-variable","14":"wvs-archive-product-wrapper"},"acf":[],"_links":{"self":[{"href":"https:\/\/rareecommerce.shop\/da\/wp-json\/wp\/v2\/product\/12668","targetHints":{"allow":["GET"]}}],"collection":[{"href":"https:\/\/rareecommerce.shop\/da\/wp-json\/wp\/v2\/product"}],"about":[{"href":"https:\/\/rareecommerce.shop\/da\/wp-json\/wp\/v2\/types\/product"}],"replies":[{"embeddable":true,"href":"https:\/\/rareecommerce.shop\/da\/wp-json\/wp\/v2\/comments?post=12668"}],"version-history":[{"count":3,"href":"https:\/\/rareecommerce.shop\/da\/wp-json\/wp\/v2\/product\/12668\/revisions"}],"predecessor-version":[{"id":12702,"href":"https:\/\/rareecommerce.shop\/da\/wp-json\/wp\/v2\/product\/12668\/revisions\/12702"}],"wp:featuredmedia":[{"embeddable":true,"href":"https:\/\/rareecommerce.shop\/da\/wp-json\/wp\/v2\/media\/12696"}],"wp:attachment":[{"href":"https:\/\/rareecommerce.shop\/da\/wp-json\/wp\/v2\/media?parent=12668"}],"wp:term":[{"taxonomy":"brand","embeddable":true,"href":"https:\/\/rareecommerce.shop\/da\/wp-json\/wp\/v2\/etheme_brands?post=12668"},{"taxonomy":"product_brand","embeddable":true,"href":"https:\/\/rareecommerce.shop\/da\/wp-json\/wp\/v2\/product_brand?post=12668"},{"taxonomy":"product_cat","embeddable":true,"href":"https:\/\/rareecommerce.shop\/da\/wp-json\/wp\/v2\/product_cat?post=12668"},{"taxonomy":"product_tag","embeddable":true,"href":"https:\/\/rareecommerce.shop\/da\/wp-json\/wp\/v2\/product_tag?post=12668"}],"curies":[{"name":"wp","href":"https:\/\/api.w.org\/{rel}","templated":true}]}}