{"id":12707,"date":"2026-01-23T16:21:46","date_gmt":"2026-01-23T16:21:46","guid":{"rendered":"https:\/\/rareecommerce.shop\/?post_type=product&#038;p=12707"},"modified":"2026-01-23T16:52:46","modified_gmt":"2026-01-23T16:52:46","slug":"pritom-10-1-android-15-tablet-with-keyboard-mouse-stylus-case-kickstand-64gb-6000mah-battery","status":"publish","type":"product","link":"https:\/\/rareecommerce.shop\/da\/vare\/pritom-10-1-android-15-tablet-with-keyboard-mouse-stylus-case-kickstand-64gb-6000mah-battery\/","title":{"rendered":"PRITOM 10,1\u2033 Android 15 Tablet med tastatur, mus, stylus, etui og kickstand - 64GB, 6000mAh batteri"},"content":{"rendered":"<p><strong>5G WiFi-kompatibilitet<\/strong><\/p>\n<p>Opret problemfri forbindelse med h\u00f8jhastigheds 5G WiFi, der sikrer hurtig og p\u00e5lidelig internetadgang til browsing, streaming og meget mere.<\/p>\n<p><strong>Quad-core processor<\/strong><\/p>\n<p>Denne tablet drives af en robust quad-core-processor, som sikrer problemfri multitasking og hurtig start af apps for en effektiv brugeroplevelse.<\/p>\n<p><strong>Android 15-operativsystem<\/strong><\/p>\n<p>Denne tablet k\u00f8rer p\u00e5 det nyeste Android 15 OS og giver adgang til et stort \u00f8kosystem af apps og tjenester, som holder dig forbundet og underholdt.<\/p>\n<p><strong>Dobbelt kamerasystem<\/strong><\/p>\n<p>Udstyret med et 2MP frontkamera og et 8MP bagkamera tager denne tablet klare billeder og videoer, hvilket g\u00f8r den perfekt til at dele \u00f8jeblikke p\u00e5 farten.<\/p>\n<p><strong>12 GB RAM + 64 GB lagerplads<\/strong><\/p>\n<p>Med 12 GB RAM og 64 GB lagerplads giver denne tablet rigelig plads til apps, spil og medier, mens den udvidelige hukommelse giver mulighed for at lagre mere indhold.<\/p>\n<p><img decoding=\"async\" src=\"https:\/\/ae01.alicdn.com\/kf\/S60767a57c2df4cd9a0d64489b344ba33r.jpg\" \/><img decoding=\"async\" src=\"https:\/\/ae01.alicdn.com\/kf\/Sd1a224e4f7724e448f40b679b95cefd5o.jpg\" \/><img decoding=\"async\" src=\"https:\/\/ae01.alicdn.com\/kf\/Sab55e54da7be41658cd6abd2ff01e888L.jpg\" \/><img decoding=\"async\" src=\"https:\/\/ae01.alicdn.com\/kf\/Se50fb287666f481e87b09763dfe6c246j.jpg\" \/><\/p>\n<p><img decoding=\"async\" src=\"https:\/\/ae01.alicdn.com\/kf\/Sb419a93f0481467082ba36478d16aba1O.jpg\" \/><img decoding=\"async\" src=\"https:\/\/ae01.alicdn.com\/kf\/Scf18e7173af6435f9732bc3b1e76f5c8p.jpg\" \/><\/p>","protected":false},"excerpt":{"rendered":"<p>5G WiFi Compatibility Connect seamlessly with high-speed 5G WiFi, ensuring fast and reliable internet access for browsing, streaming, and more&#8230;.<\/p>","protected":false},"featured_media":12756,"comment_status":"open","ping_status":"closed","template":"","meta":{"_acf_changed":false},"etheme_brands":[],"product_brand":[],"product_cat":[118],"product_tag":[],"class_list":{"0":"post-12707","1":"product","2":"type-product","3":"status-publish","4":"has-post-thumbnail","6":"product_cat-sale-shop","8":"first","9":"instock","10":"sale","11":"shipping-taxable","12":"purchasable","13":"product-type-simple"},"acf":[],"_links":{"self":[{"href":"https:\/\/rareecommerce.shop\/da\/wp-json\/wp\/v2\/product\/12707","targetHints":{"allow":["GET"]}}],"collection":[{"href":"https:\/\/rareecommerce.shop\/da\/wp-json\/wp\/v2\/product"}],"about":[{"href":"https:\/\/rareecommerce.shop\/da\/wp-json\/wp\/v2\/types\/product"}],"replies":[{"embeddable":true,"href":"https:\/\/rareecommerce.shop\/da\/wp-json\/wp\/v2\/comments?post=12707"}],"version-history":[{"count":1,"href":"https:\/\/rareecommerce.shop\/da\/wp-json\/wp\/v2\/product\/12707\/revisions"}],"predecessor-version":[{"id":12744,"href":"https:\/\/rareecommerce.shop\/da\/wp-json\/wp\/v2\/product\/12707\/revisions\/12744"}],"wp:featuredmedia":[{"embeddable":true,"href":"https:\/\/rareecommerce.shop\/da\/wp-json\/wp\/v2\/media\/12756"}],"wp:attachment":[{"href":"https:\/\/rareecommerce.shop\/da\/wp-json\/wp\/v2\/media?parent=12707"}],"wp:term":[{"taxonomy":"brand","embeddable":true,"href":"https:\/\/rareecommerce.shop\/da\/wp-json\/wp\/v2\/etheme_brands?post=12707"},{"taxonomy":"product_brand","embeddable":true,"href":"https:\/\/rareecommerce.shop\/da\/wp-json\/wp\/v2\/product_brand?post=12707"},{"taxonomy":"product_cat","embeddable":true,"href":"https:\/\/rareecommerce.shop\/da\/wp-json\/wp\/v2\/product_cat?post=12707"},{"taxonomy":"product_tag","embeddable":true,"href":"https:\/\/rareecommerce.shop\/da\/wp-json\/wp\/v2\/product_tag?post=12707"}],"curies":[{"name":"wp","href":"https:\/\/api.w.org\/{rel}","templated":true}]}}