{"id":12892,"date":"2026-01-23T18:28:54","date_gmt":"2026-01-23T18:28:54","guid":{"rendered":"https:\/\/rareecommerce.shop\/?post_type=product&#038;p=12892"},"modified":"2026-01-23T18:28:55","modified_gmt":"2026-01-23T18:28:55","slug":"dubai-350g-milk-chocolate-pistachio-and-kunafa-snack-bar-bonbon-crispy-shell-dessert-creamy","status":"publish","type":"product","link":"https:\/\/rareecommerce.shop\/da\/vare\/dubai-350g-milk-chocolate-pistachio-and-kunafa-snack-bar-bonbon-crispy-shell-dessert-creamy\/","title":{"rendered":"Dubai 350g M\u00e6lkechokolade Pistacie og Kunafa Snack Bar - - Bonbon, Spr\u00f8d, Skal, Dessert Cremet"},"content":{"rendered":"<p><img loading=\"lazy\" decoding=\"async\" class=\"alignnone size-full wp-image-12895\" src=\"https:\/\/rareecommerce.shop\/wp-content\/uploads\/2026\/01\/6-IMG_3618_jpg.jpg\" alt=\"\" width=\"1536\" height=\"2048\" srcset=\"https:\/\/rareecommerce.shop\/wp-content\/uploads\/2026\/01\/6-IMG_3618_jpg.jpg 1536w, https:\/\/rareecommerce.shop\/wp-content\/uploads\/2026\/01\/6-IMG_3618_jpg-225x300.jpg 225w, https:\/\/rareecommerce.shop\/wp-content\/uploads\/2026\/01\/6-IMG_3618_jpg-768x1024.jpg 768w, https:\/\/rareecommerce.shop\/wp-content\/uploads\/2026\/01\/6-IMG_3618_jpg-1152x1536.jpg 1152w, https:\/\/rareecommerce.shop\/wp-content\/uploads\/2026\/01\/6-IMG_3618_jpg-9x12.jpg 9w, https:\/\/rareecommerce.shop\/wp-content\/uploads\/2026\/01\/6-IMG_3618_jpg-600x800.jpg 600w, https:\/\/rareecommerce.shop\/wp-content\/uploads\/2026\/01\/6-IMG_3618_jpg-1x1.jpg 1w, https:\/\/rareecommerce.shop\/wp-content\/uploads\/2026\/01\/6-IMG_3618_jpg-8x10.jpg 8w\" sizes=\"auto, (max-width: 1536px) 100vw, 1536px\" \/><\/p>\n<p><img loading=\"lazy\" decoding=\"async\" class=\"alignnone size-full wp-image-12896\" src=\"https:\/\/rareecommerce.shop\/wp-content\/uploads\/2026\/01\/56e2cfb393024fb2a70397fbc677b0fctplv-t5fjg24jzw-resize-jpeg_800_800.jpg\" alt=\"\" width=\"800\" height=\"800\" srcset=\"https:\/\/rareecommerce.shop\/wp-content\/uploads\/2026\/01\/56e2cfb393024fb2a70397fbc677b0fctplv-t5fjg24jzw-resize-jpeg_800_800.jpg 800w, https:\/\/rareecommerce.shop\/wp-content\/uploads\/2026\/01\/56e2cfb393024fb2a70397fbc677b0fctplv-t5fjg24jzw-resize-jpeg_800_800-300x300.jpg 300w, https:\/\/rareecommerce.shop\/wp-content\/uploads\/2026\/01\/56e2cfb393024fb2a70397fbc677b0fctplv-t5fjg24jzw-resize-jpeg_800_800-150x150.jpg 150w, https:\/\/rareecommerce.shop\/wp-content\/uploads\/2026\/01\/56e2cfb393024fb2a70397fbc677b0fctplv-t5fjg24jzw-resize-jpeg_800_800-768x768.jpg 768w, https:\/\/rareecommerce.shop\/wp-content\/uploads\/2026\/01\/56e2cfb393024fb2a70397fbc677b0fctplv-t5fjg24jzw-resize-jpeg_800_800-12x12.jpg 12w, https:\/\/rareecommerce.shop\/wp-content\/uploads\/2026\/01\/56e2cfb393024fb2a70397fbc677b0fctplv-t5fjg24jzw-resize-jpeg_800_800-600x600.jpg 600w, https:\/\/rareecommerce.shop\/wp-content\/uploads\/2026\/01\/56e2cfb393024fb2a70397fbc677b0fctplv-t5fjg24jzw-resize-jpeg_800_800-100x100.jpg 100w, https:\/\/rareecommerce.shop\/wp-content\/uploads\/2026\/01\/56e2cfb393024fb2a70397fbc677b0fctplv-t5fjg24jzw-resize-jpeg_800_800-50x50.jpg 50w, https:\/\/rareecommerce.shop\/wp-content\/uploads\/2026\/01\/56e2cfb393024fb2a70397fbc677b0fctplv-t5fjg24jzw-resize-jpeg_800_800-1x1.jpg 1w, https:\/\/rareecommerce.shop\/wp-content\/uploads\/2026\/01\/56e2cfb393024fb2a70397fbc677b0fctplv-t5fjg24jzw-resize-jpeg_800_800-10x10.jpg 10w\" sizes=\"auto, (max-width: 800px) 100vw, 800px\" \/><\/p>\n<p>&nbsp;<\/p>\n<p>&nbsp;<\/p>\n<p><img loading=\"lazy\" decoding=\"async\" class=\"alignnone size-full wp-image-12899\" src=\"https:\/\/rareecommerce.shop\/wp-content\/uploads\/2026\/01\/2-IMG_3642_jpg.jpg\" alt=\"\" width=\"1536\" height=\"2048\" srcset=\"https:\/\/rareecommerce.shop\/wp-content\/uploads\/2026\/01\/2-IMG_3642_jpg.jpg 1536w, https:\/\/rareecommerce.shop\/wp-content\/uploads\/2026\/01\/2-IMG_3642_jpg-225x300.jpg 225w, https:\/\/rareecommerce.shop\/wp-content\/uploads\/2026\/01\/2-IMG_3642_jpg-768x1024.jpg 768w, https:\/\/rareecommerce.shop\/wp-content\/uploads\/2026\/01\/2-IMG_3642_jpg-1152x1536.jpg 1152w, https:\/\/rareecommerce.shop\/wp-content\/uploads\/2026\/01\/2-IMG_3642_jpg-9x12.jpg 9w, https:\/\/rareecommerce.shop\/wp-content\/uploads\/2026\/01\/2-IMG_3642_jpg-600x800.jpg 600w, https:\/\/rareecommerce.shop\/wp-content\/uploads\/2026\/01\/2-IMG_3642_jpg-1x1.jpg 1w, https:\/\/rareecommerce.shop\/wp-content\/uploads\/2026\/01\/2-IMG_3642_jpg-8x10.jpg 8w\" sizes=\"auto, (max-width: 1536px) 100vw, 1536px\" \/><\/p>\n<p><img loading=\"lazy\" decoding=\"async\" class=\"alignnone size-full wp-image-12900\" src=\"https:\/\/rareecommerce.shop\/wp-content\/uploads\/2026\/01\/3-IMG_3637_jpg.jpg\" alt=\"\" width=\"1536\" height=\"2048\" srcset=\"https:\/\/rareecommerce.shop\/wp-content\/uploads\/2026\/01\/3-IMG_3637_jpg.jpg 1536w, https:\/\/rareecommerce.shop\/wp-content\/uploads\/2026\/01\/3-IMG_3637_jpg-225x300.jpg 225w, https:\/\/rareecommerce.shop\/wp-content\/uploads\/2026\/01\/3-IMG_3637_jpg-768x1024.jpg 768w, https:\/\/rareecommerce.shop\/wp-content\/uploads\/2026\/01\/3-IMG_3637_jpg-1152x1536.jpg 1152w, https:\/\/rareecommerce.shop\/wp-content\/uploads\/2026\/01\/3-IMG_3637_jpg-9x12.jpg 9w, https:\/\/rareecommerce.shop\/wp-content\/uploads\/2026\/01\/3-IMG_3637_jpg-600x800.jpg 600w, https:\/\/rareecommerce.shop\/wp-content\/uploads\/2026\/01\/3-IMG_3637_jpg-1x1.jpg 1w, https:\/\/rareecommerce.shop\/wp-content\/uploads\/2026\/01\/3-IMG_3637_jpg-8x10.jpg 8w\" sizes=\"auto, (max-width: 1536px) 100vw, 1536px\" \/><\/p>\n<p><img loading=\"lazy\" decoding=\"async\" class=\"alignnone size-full wp-image-12901\" src=\"https:\/\/rareecommerce.shop\/wp-content\/uploads\/2026\/01\/4-IMG_3635_jpg.jpg\" alt=\"\" width=\"1667\" height=\"2021\" srcset=\"https:\/\/rareecommerce.shop\/wp-content\/uploads\/2026\/01\/4-IMG_3635_jpg.jpg 1667w, https:\/\/rareecommerce.shop\/wp-content\/uploads\/2026\/01\/4-IMG_3635_jpg-247x300.jpg 247w, https:\/\/rareecommerce.shop\/wp-content\/uploads\/2026\/01\/4-IMG_3635_jpg-845x1024.jpg 845w, https:\/\/rareecommerce.shop\/wp-content\/uploads\/2026\/01\/4-IMG_3635_jpg-768x931.jpg 768w, https:\/\/rareecommerce.shop\/wp-content\/uploads\/2026\/01\/4-IMG_3635_jpg-1267x1536.jpg 1267w, https:\/\/rareecommerce.shop\/wp-content\/uploads\/2026\/01\/4-IMG_3635_jpg-10x12.jpg 10w, https:\/\/rareecommerce.shop\/wp-content\/uploads\/2026\/01\/4-IMG_3635_jpg-600x727.jpg 600w, https:\/\/rareecommerce.shop\/wp-content\/uploads\/2026\/01\/4-IMG_3635_jpg-1x1.jpg 1w, https:\/\/rareecommerce.shop\/wp-content\/uploads\/2026\/01\/4-IMG_3635_jpg-8x10.jpg 8w\" sizes=\"auto, (max-width: 1667px) 100vw, 1667px\" \/><\/p>\n<p><img loading=\"lazy\" decoding=\"async\" class=\"alignnone size-full wp-image-12902\" src=\"https:\/\/rareecommerce.shop\/wp-content\/uploads\/2026\/01\/5-IMG_3630_jpg.jpg\" alt=\"\" width=\"1535\" height=\"2048\" srcset=\"https:\/\/rareecommerce.shop\/wp-content\/uploads\/2026\/01\/5-IMG_3630_jpg.jpg 1535w, https:\/\/rareecommerce.shop\/wp-content\/uploads\/2026\/01\/5-IMG_3630_jpg-225x300.jpg 225w, https:\/\/rareecommerce.shop\/wp-content\/uploads\/2026\/01\/5-IMG_3630_jpg-768x1025.jpg 768w, https:\/\/rareecommerce.shop\/wp-content\/uploads\/2026\/01\/5-IMG_3630_jpg-1151x1536.jpg 1151w, https:\/\/rareecommerce.shop\/wp-content\/uploads\/2026\/01\/5-IMG_3630_jpg-9x12.jpg 9w, https:\/\/rareecommerce.shop\/wp-content\/uploads\/2026\/01\/5-IMG_3630_jpg-600x801.jpg 600w, https:\/\/rareecommerce.shop\/wp-content\/uploads\/2026\/01\/5-IMG_3630_jpg-1x1.jpg 1w, https:\/\/rareecommerce.shop\/wp-content\/uploads\/2026\/01\/5-IMG_3630_jpg-7x10.jpg 7w\" sizes=\"auto, (max-width: 1535px) 100vw, 1535px\" \/><\/p>\n<p data-start=\"236\" data-end=\"498\">Vores\u00a0<strong data-start=\"240\" data-end=\"254\">bestseller<\/strong>\u00a0og en \u00e6gte kundefavorit. Den\u00a0<strong data-start=\"290\" data-end=\"327\">Pistacie &amp; Kunafah chokoladebar<\/strong>\u00a0er inspireret af den ber\u00f8mte\u00a0<strong data-start=\"354\" data-end=\"379\">Chokolade i Dubai-stil<\/strong>, Den kombinerer en fyldig, n\u00f8ddeagtig pistaciesmag med lag af spr\u00f8d kunafah, alt sammen pakket ind i bl\u00f8d belgisk m\u00e6lkechokolade.<\/p>\n<p data-start=\"500\" data-end=\"642\">Denne bar er luksuri\u00f8s, overb\u00e6rende og perfekt afbalanceret, og det er den, alle kommer tilbage efter - og n\u00e5r du har pr\u00f8vet den, vil du forst\u00e5 hvorfor.<\/p>\n<hr data-start=\"644\" data-end=\"647\" \/>\n<p data-start=\"649\" data-end=\"754\">Denne bar er perfekt til at fork\u00e6le dig selv, give v\u00e6k eller dele, og den giver en fyldig, tilfredsstillende bid hver gang.<\/p>\n<p data-start=\"756\" data-end=\"779\"><strong data-start=\"756\" data-end=\"779\">Hvorfor du vil elske det:<\/strong><\/p>\n<ul data-start=\"780\" data-end=\"917\">\n<li data-start=\"780\" data-end=\"834\">\n<p data-start=\"782\" data-end=\"834\">Lavet med f\u00f8rsteklasses belgisk m\u00e6lkechokolade fra Callebaut<\/p>\n<\/li>\n<li data-start=\"835\" data-end=\"857\">\n<p data-start=\"837\" data-end=\"857\">H\u00e5ndlavet med omhu<\/p>\n<\/li>\n<li data-start=\"858\" data-end=\"888\">\n<p data-start=\"860\" data-end=\"888\">Gener\u00f8s\u00a0<strong data-start=\"869\" data-end=\"882\">350g-450g<\/strong>\u00a0bar<\/p>\n<\/li>\n<li data-start=\"889\" data-end=\"917\">\n<p data-start=\"891\" data-end=\"917\">Velegnet til vegetarer<\/p>\n<\/li>\n<\/ul>\n<p data-start=\"919\" data-end=\"1183\"><strong data-start=\"919\" data-end=\"939\">R\u00e5d om allergener:<\/strong><br data-start=\"939\" data-end=\"942\" \/>Alle vores produkter fremstilles i et k\u00f8kken, der h\u00e5ndterer korn, der indeholder gluten (hvede, havre, byg, rug), soja, m\u00e6lk, \u00e6g, sesam, n\u00f8dder, jordn\u00f8dder og svovldioxid. Dette produkt kan derfor indeholde spor af ovenn\u00e6vnte allergener.<\/p>\n<p data-start=\"1185\" data-end=\"1397\"><strong data-start=\"1185\" data-end=\"1197\">Opbevaring:<\/strong><br data-start=\"1197\" data-end=\"1200\" \/>Opbevares p\u00e5 et k\u00f8ligt, t\u00f8rt sted v\u00e6k fra direkte sollys.<br data-start=\"1253\" data-end=\"1256\" \/>Hvis du vil have en klistret, smeltet midte, skal du blot bruge mikrob\u00f8lgeovnen i 5 sekunders intervaller og nyde den varm.<br data-start=\"1334\" data-end=\"1337\" \/>Baren kan nydes fast eller klistret - alt efter hvad du har lyst til.<\/p>","protected":false},"excerpt":{"rendered":"<p>&nbsp; &nbsp; Our\u00a0bestseller\u00a0and a true customer favourite. The\u00a0Pistachio &amp; Kunafah Chocolate Bar\u00a0is inspired by the famous\u00a0Dubai-style chocolate, combining rich, nutty&#8230;<\/p>","protected":false},"featured_media":12899,"comment_status":"open","ping_status":"closed","template":"","meta":{"_acf_changed":false},"etheme_brands":[],"product_brand":[],"product_cat":[118],"product_tag":[],"class_list":{"0":"post-12892","1":"product","2":"type-product","3":"status-publish","4":"has-post-thumbnail","6":"product_cat-sale-shop","8":"first","9":"instock","10":"sale","11":"shipping-taxable","12":"purchasable","13":"product-type-simple"},"acf":[],"_links":{"self":[{"href":"https:\/\/rareecommerce.shop\/da\/wp-json\/wp\/v2\/product\/12892","targetHints":{"allow":["GET"]}}],"collection":[{"href":"https:\/\/rareecommerce.shop\/da\/wp-json\/wp\/v2\/product"}],"about":[{"href":"https:\/\/rareecommerce.shop\/da\/wp-json\/wp\/v2\/types\/product"}],"replies":[{"embeddable":true,"href":"https:\/\/rareecommerce.shop\/da\/wp-json\/wp\/v2\/comments?post=12892"}],"version-history":[{"count":1,"href":"https:\/\/rareecommerce.shop\/da\/wp-json\/wp\/v2\/product\/12892\/revisions"}],"predecessor-version":[{"id":12913,"href":"https:\/\/rareecommerce.shop\/da\/wp-json\/wp\/v2\/product\/12892\/revisions\/12913"}],"wp:featuredmedia":[{"embeddable":true,"href":"https:\/\/rareecommerce.shop\/da\/wp-json\/wp\/v2\/media\/12899"}],"wp:attachment":[{"href":"https:\/\/rareecommerce.shop\/da\/wp-json\/wp\/v2\/media?parent=12892"}],"wp:term":[{"taxonomy":"brand","embeddable":true,"href":"https:\/\/rareecommerce.shop\/da\/wp-json\/wp\/v2\/etheme_brands?post=12892"},{"taxonomy":"product_brand","embeddable":true,"href":"https:\/\/rareecommerce.shop\/da\/wp-json\/wp\/v2\/product_brand?post=12892"},{"taxonomy":"product_cat","embeddable":true,"href":"https:\/\/rareecommerce.shop\/da\/wp-json\/wp\/v2\/product_cat?post=12892"},{"taxonomy":"product_tag","embeddable":true,"href":"https:\/\/rareecommerce.shop\/da\/wp-json\/wp\/v2\/product_tag?post=12892"}],"curies":[{"name":"wp","href":"https:\/\/api.w.org\/{rel}","templated":true}]}}