{"id":12965,"date":"2026-01-23T18:47:54","date_gmt":"2026-01-23T18:47:54","guid":{"rendered":"https:\/\/rareecommerce.shop\/?post_type=product&#038;p=12965"},"modified":"2026-01-23T18:48:28","modified_gmt":"2026-01-23T18:48:28","slug":"buenito-bar-350g-hazelnut-and-kunafa-chocolate-bar-dessert-bonbon","status":"publish","type":"product","link":"https:\/\/rareecommerce.shop\/da\/vare\/buenito-bar-350g-hazelnut-and-kunafa-chocolate-bar-dessert-bonbon\/","title":{"rendered":"Buenito Bar - 350 g chokoladebar med hasseln\u00f8dder og Kunafa Dessert Bonbon"},"content":{"rendered":"<p><img loading=\"lazy\" decoding=\"async\" class=\"alignnone size-full wp-image-12966\" src=\"https:\/\/rareecommerce.shop\/wp-content\/uploads\/2026\/01\/IMG_3857-scaled.webp\" alt=\"\" width=\"2560\" height=\"2560\" srcset=\"https:\/\/rareecommerce.shop\/wp-content\/uploads\/2026\/01\/IMG_3857-scaled.webp 2560w, https:\/\/rareecommerce.shop\/wp-content\/uploads\/2026\/01\/IMG_3857-300x300.webp 300w, https:\/\/rareecommerce.shop\/wp-content\/uploads\/2026\/01\/IMG_3857-1024x1024.webp 1024w, https:\/\/rareecommerce.shop\/wp-content\/uploads\/2026\/01\/IMG_3857-150x150.webp 150w, https:\/\/rareecommerce.shop\/wp-content\/uploads\/2026\/01\/IMG_3857-768x768.webp 768w, https:\/\/rareecommerce.shop\/wp-content\/uploads\/2026\/01\/IMG_3857-1536x1536.webp 1536w, https:\/\/rareecommerce.shop\/wp-content\/uploads\/2026\/01\/IMG_3857-2048x2048.webp 2048w, https:\/\/rareecommerce.shop\/wp-content\/uploads\/2026\/01\/IMG_3857-12x12.webp 12w, https:\/\/rareecommerce.shop\/wp-content\/uploads\/2026\/01\/IMG_3857-600x600.webp 600w, https:\/\/rareecommerce.shop\/wp-content\/uploads\/2026\/01\/IMG_3857-100x100.webp 100w, https:\/\/rareecommerce.shop\/wp-content\/uploads\/2026\/01\/IMG_3857-50x50.webp 50w, https:\/\/rareecommerce.shop\/wp-content\/uploads\/2026\/01\/IMG_3857-1x1.webp 1w, https:\/\/rareecommerce.shop\/wp-content\/uploads\/2026\/01\/IMG_3857-10x10.webp 10w\" sizes=\"auto, (max-width: 2560px) 100vw, 2560px\" \/> <img loading=\"lazy\" decoding=\"async\" class=\"alignnone size-full wp-image-12967\" src=\"https:\/\/rareecommerce.shop\/wp-content\/uploads\/2026\/01\/IMG_3884-scaled.webp\" alt=\"\" width=\"2560\" height=\"2560\" srcset=\"https:\/\/rareecommerce.shop\/wp-content\/uploads\/2026\/01\/IMG_3884-scaled.webp 2560w, https:\/\/rareecommerce.shop\/wp-content\/uploads\/2026\/01\/IMG_3884-300x300.webp 300w, https:\/\/rareecommerce.shop\/wp-content\/uploads\/2026\/01\/IMG_3884-1024x1024.webp 1024w, https:\/\/rareecommerce.shop\/wp-content\/uploads\/2026\/01\/IMG_3884-150x150.webp 150w, https:\/\/rareecommerce.shop\/wp-content\/uploads\/2026\/01\/IMG_3884-768x768.webp 768w, https:\/\/rareecommerce.shop\/wp-content\/uploads\/2026\/01\/IMG_3884-1536x1536.webp 1536w, https:\/\/rareecommerce.shop\/wp-content\/uploads\/2026\/01\/IMG_3884-2048x2048.webp 2048w, https:\/\/rareecommerce.shop\/wp-content\/uploads\/2026\/01\/IMG_3884-12x12.webp 12w, https:\/\/rareecommerce.shop\/wp-content\/uploads\/2026\/01\/IMG_3884-600x600.webp 600w, https:\/\/rareecommerce.shop\/wp-content\/uploads\/2026\/01\/IMG_3884-100x100.webp 100w, https:\/\/rareecommerce.shop\/wp-content\/uploads\/2026\/01\/IMG_3884-50x50.webp 50w, https:\/\/rareecommerce.shop\/wp-content\/uploads\/2026\/01\/IMG_3884-1x1.webp 1w, https:\/\/rareecommerce.shop\/wp-content\/uploads\/2026\/01\/IMG_3884-10x10.webp 10w\" sizes=\"auto, (max-width: 2560px) 100vw, 2560px\" \/> <img loading=\"lazy\" decoding=\"async\" class=\"alignnone size-full wp-image-12968\" src=\"https:\/\/rareecommerce.shop\/wp-content\/uploads\/2026\/01\/IMG_3859-scaled.webp\" alt=\"\" width=\"2560\" height=\"2560\" srcset=\"https:\/\/rareecommerce.shop\/wp-content\/uploads\/2026\/01\/IMG_3859-scaled.webp 2560w, https:\/\/rareecommerce.shop\/wp-content\/uploads\/2026\/01\/IMG_3859-300x300.webp 300w, https:\/\/rareecommerce.shop\/wp-content\/uploads\/2026\/01\/IMG_3859-1024x1024.webp 1024w, https:\/\/rareecommerce.shop\/wp-content\/uploads\/2026\/01\/IMG_3859-150x150.webp 150w, https:\/\/rareecommerce.shop\/wp-content\/uploads\/2026\/01\/IMG_3859-768x768.webp 768w, https:\/\/rareecommerce.shop\/wp-content\/uploads\/2026\/01\/IMG_3859-1536x1536.webp 1536w, https:\/\/rareecommerce.shop\/wp-content\/uploads\/2026\/01\/IMG_3859-2048x2048.webp 2048w, https:\/\/rareecommerce.shop\/wp-content\/uploads\/2026\/01\/IMG_3859-12x12.webp 12w, https:\/\/rareecommerce.shop\/wp-content\/uploads\/2026\/01\/IMG_3859-600x600.webp 600w, https:\/\/rareecommerce.shop\/wp-content\/uploads\/2026\/01\/IMG_3859-100x100.webp 100w, https:\/\/rareecommerce.shop\/wp-content\/uploads\/2026\/01\/IMG_3859-50x50.webp 50w, https:\/\/rareecommerce.shop\/wp-content\/uploads\/2026\/01\/IMG_3859-1x1.webp 1w, https:\/\/rareecommerce.shop\/wp-content\/uploads\/2026\/01\/IMG_3859-10x10.webp 10w\" sizes=\"auto, (max-width: 2560px) 100vw, 2560px\" \/><\/p>\n<h3 data-start=\"305\" data-end=\"373\"><strong data-start=\"307\" data-end=\"373\">Begr\u00e6nset udgave af fyldte chokoladebarer - to smagsvarianter tilg\u00e6ngelige<\/strong><\/h3>\n<p data-start=\"375\" data-end=\"687\">Fejr s\u00e6sonen med vores\u00a0<strong data-start=\"405\" data-end=\"446\">Begr\u00e6nset udgave af fyldte chokoladebarer<\/strong>, De er h\u00e5ndlavede i sm\u00e5 partier og skabt til at fremh\u00e6ve julens mest overb\u00e6rende smagsoplevelser. Hver bar f\u00e5s i to luksuri\u00f8se varianter med en fyldig, fl\u00f8jlsbl\u00f8d chokoladeskal, der er rigeligt fyldt til en virkelig uimodst\u00e5elig festlig godbid.<\/p>\n<hr data-start=\"689\" data-end=\"692\" \/>\n<h3 data-start=\"694\" data-end=\"723\"><strong data-start=\"697\" data-end=\"721\">\ud83c\udf84 Spr\u00f8d pistacie<\/strong><\/h3>\n<p data-start=\"724\" data-end=\"1097\">Oplev den perfekte harmoni af teksturer og smage i vores\u00a0<strong data-start=\"787\" data-end=\"822\">Crunchy Pistachio Chocolate Bar<\/strong>. Fremstillet med\u00a0<strong data-start=\"834\" data-end=\"861\">rig 41% m\u00e6lkechokolade<\/strong>\u00a0og overd\u00e5digt fyldt med\u00a0<strong data-start=\"887\" data-end=\"916\">Spr\u00f8d pistacieganache<\/strong>, De er lavet af \u00e6gte ristede pistacien\u00f8dder og karamelliserede vafler, der giver dybde, knas og autenticitet.<br data-start=\"1012\" data-end=\"1015\" \/>Omhyggeligt h\u00e5ndlavet for at levere enest\u00e5ende kvalitet og uforglemmelig smag.<\/p>\n<p data-start=\"1099\" data-end=\"1177\"><strong data-start=\"1099\" data-end=\"1177\">200 g - Alkoholfri - Ingen kunstige farvestoffer - Ingen kunstige smagsstoffer<\/strong><\/p>\n<hr data-start=\"1179\" data-end=\"1182\" \/>\n<h3 data-start=\"1184\" data-end=\"1223\"><strong data-start=\"1187\" data-end=\"1221\">\ud83c\udf84 Honningkage og saltet karamel<\/strong><\/h3>\n<p data-start=\"1224\" data-end=\"1569\">En festlig favorit i ny udgave. Denne bar har en bl\u00f8d, aromatisk\u00a0<strong data-start=\"1292\" data-end=\"1306\">Honningkage<\/strong>\u00a0tilf\u00f8rt varme krydderier som kanel og nelliker, parret med en silkebl\u00f8d,\u00a0<strong data-start=\"1387\" data-end=\"1414\">L\u00e6kker saltet karamel<\/strong>, alt sammen indhyllet i f\u00f8rsteklasses belgisk m\u00e6lkechokolade.<br data-start=\"1462\" data-end=\"1465\" \/>Fyldig, tr\u00f8stende og smukt afbalanceret, den perfekte ledsager til te, kaffe eller hyggelige vinterstunder.<\/p>\n<p data-start=\"1571\" data-end=\"1649\"><strong data-start=\"1571\" data-end=\"1649\">200 g - Alkoholfri - Ingen kunstige farvestoffer - Ingen kunstige smagsstoffer<\/strong><\/p>","protected":false},"excerpt":{"rendered":"<p>Limited Edition Filled Chocolate Bars \u2013 Two Flavours Available Celebrate the season with our\u00a0Limited Edition Filled Chocolate Bars, handcrafted in&#8230;<\/p>","protected":false},"featured_media":12966,"comment_status":"open","ping_status":"closed","template":"","meta":{"_acf_changed":false},"etheme_brands":[],"product_brand":[],"product_cat":[118],"product_tag":[],"class_list":{"0":"post-12965","1":"product","2":"type-product","3":"status-publish","4":"has-post-thumbnail","6":"product_cat-sale-shop","8":"first","9":"instock","10":"sale","11":"shipping-taxable","12":"purchasable","13":"product-type-simple"},"acf":[],"_links":{"self":[{"href":"https:\/\/rareecommerce.shop\/da\/wp-json\/wp\/v2\/product\/12965","targetHints":{"allow":["GET"]}}],"collection":[{"href":"https:\/\/rareecommerce.shop\/da\/wp-json\/wp\/v2\/product"}],"about":[{"href":"https:\/\/rareecommerce.shop\/da\/wp-json\/wp\/v2\/types\/product"}],"replies":[{"embeddable":true,"href":"https:\/\/rareecommerce.shop\/da\/wp-json\/wp\/v2\/comments?post=12965"}],"version-history":[{"count":1,"href":"https:\/\/rareecommerce.shop\/da\/wp-json\/wp\/v2\/product\/12965\/revisions"}],"predecessor-version":[{"id":12980,"href":"https:\/\/rareecommerce.shop\/da\/wp-json\/wp\/v2\/product\/12965\/revisions\/12980"}],"wp:featuredmedia":[{"embeddable":true,"href":"https:\/\/rareecommerce.shop\/da\/wp-json\/wp\/v2\/media\/12966"}],"wp:attachment":[{"href":"https:\/\/rareecommerce.shop\/da\/wp-json\/wp\/v2\/media?parent=12965"}],"wp:term":[{"taxonomy":"brand","embeddable":true,"href":"https:\/\/rareecommerce.shop\/da\/wp-json\/wp\/v2\/etheme_brands?post=12965"},{"taxonomy":"product_brand","embeddable":true,"href":"https:\/\/rareecommerce.shop\/da\/wp-json\/wp\/v2\/product_brand?post=12965"},{"taxonomy":"product_cat","embeddable":true,"href":"https:\/\/rareecommerce.shop\/da\/wp-json\/wp\/v2\/product_cat?post=12965"},{"taxonomy":"product_tag","embeddable":true,"href":"https:\/\/rareecommerce.shop\/da\/wp-json\/wp\/v2\/product_tag?post=12965"}],"curies":[{"name":"wp","href":"https:\/\/api.w.org\/{rel}","templated":true}]}}