{"id":13070,"date":"2026-01-23T19:51:20","date_gmt":"2026-01-23T19:51:20","guid":{"rendered":"https:\/\/rareecommerce.shop\/?post_type=product&#038;p=13070"},"modified":"2026-01-23T20:08:38","modified_gmt":"2026-01-23T20:08:38","slug":"5-layer-multifunctional-plastic-storage-cart-with-wheels-layered-shelving-storage-rack-suitable-for-bedroom-kitchen-bathroom-living-room","status":"publish","type":"product","link":"https:\/\/rareecommerce.shop\/da\/vare\/5-layer-multifunctional-plastic-storage-cart-with-wheels-layered-shelving-storage-rack-suitable-for-bedroom-kitchen-bathroom-living-room\/","title":{"rendered":"5-lags multifunktionel plastopbevaringsvogn med hjul, lagdelt hyldeopbevaringsreol egnet til sovev\u00e6relse, k\u00f8kken, badev\u00e6relse, stue"},"content":{"rendered":"<div><strong>Multifunktionelt opbevaringsstativ Trolley Boghylde K\u00f8kken Hj\u00f8rne Smal Spalte Opbevaringsskab Badev\u00e6relse Stue Hjem Organizer<\/strong><\/div>\n<div>Varebeskrivelse:<\/div>\n<div>Materiale: Jern Kunst<\/div>\n<div>Produktkategori: Gulvst\u00e5ende opbevaringsreol<\/div>\n<div>Farve: Hvid<\/div>\n<div>Funktion: Multifunktionel<\/div>\n<div><\/div>\n<div>Funktion:<\/div>\n<div>1. enkel kombinationsreol: nem installation uden brug af v\u00e6rkt\u00f8j<\/div>\n<div>2. multifunktionelt stativ: kan opbevare diverse ting, b\u00f8ger, t\u00f8j osv. og har en meget st\u00e6rk b\u00e6reevne<\/div>\n<div>3. Denne opbevaringshylde kan bruges i forskellige trange rum i dit hjem, hvilket er en ideel fritst\u00e5ende pladsbesparende l\u00f8sning til k\u00f8kken, klassev\u00e6relse, badev\u00e6relse, autocamper, toilet, vaskerum, kontor, kollegium, lejlighed eller mellem din vaskemaskine og t\u00f8rretumbler.<\/div>\n<div>4. Stort og opbevaringsdygtigt Lavet af st\u00e6rke materialer og testet, har dette produkt en vidunderlig b\u00e6reevne, hvilket betyder, at du kan placere forskellige ting, som du vil. Vi tilbyder 2-trins, 3-trins valg for at im\u00f8dekomme forskellige behov.<\/div>\n<div>5. Let at flytte L\u00e5sbare hjul af h\u00f8j kvalitet g\u00f8r det muligt at flytte hylden let. Du kan flytte den uden besv\u00e6r. Og det unikke fastg\u00f8relsesdesign g\u00f8r det ogs\u00e5 muligt at fastg\u00f8re den p\u00e5 det sted, du \u00f8nsker. Dette design vil g\u00f8re din daglige brug mere praktisk.<\/div>\n<div><\/div>\n<div>Pakke:<\/div>\n<div>Gulvst\u00e5ende opbevaringsstativ *1<\/div>\n<div><\/div>\n<div>Bem\u00e6rk:<\/div>\n<div>P\u00e5 grund af manuel m\u00e5ling kan der v\u00e6re en forskel p\u00e5 1-3 centimeter.<\/div>\n<div>P\u00e5 grund af forskelle i visning og belysning viser billedet muligvis ikke den faktiske farve p\u00e5 varen.tak.<\/div>\n<p align=\"left\"><img decoding=\"async\" src=\"https:\/\/ae01.alicdn.com\/kf\/S431866213d79408e9ac95650dd4724a1p.jpg\" width=\"960px\" \/><img decoding=\"async\" src=\"https:\/\/ae01.alicdn.com\/kf\/S8aef4d94196d4e8bbd82cda24a032ce8t.jpg\" width=\"960px\" \/><img decoding=\"async\" src=\"https:\/\/ae01.alicdn.com\/kf\/S79b84cf299c04a95a7f65b6975c16ef4D.jpg\" width=\"960px\" \/><img decoding=\"async\" src=\"https:\/\/ae01.alicdn.com\/kf\/Sd23a9b2fd6ed4fb488c13ce52fbe14abG.jpg\" width=\"960px\" \/><img decoding=\"async\" src=\"https:\/\/ae01.alicdn.com\/kf\/Saf304e4fbb054ed191bbbca521a59afdZ.jpg\" width=\"960px\" \/><img decoding=\"async\" src=\"https:\/\/ae01.alicdn.com\/kf\/S9e84242aa0f64d4298246ea2c80c31b3V.jpg\" width=\"960px\" \/><img decoding=\"async\" src=\"https:\/\/ae01.alicdn.com\/kf\/S03ad72c628ab489dab28dc4eff6a7804P.jpg\" width=\"960px\" \/><br \/>\n<img decoding=\"async\" src=\"https:\/\/ae01.alicdn.com\/kf\/S8dc2f0bd7bcc4aaf825f125d25155fcbI.jpg\" width=\"960px\" \/><img decoding=\"async\" src=\"https:\/\/ae01.alicdn.com\/kf\/S9c61796886374b6581f9c7880a4026f7b.jpg\" width=\"960px\" \/><br \/>\n<img decoding=\"async\" src=\"https:\/\/ae01.alicdn.com\/kf\/S9af53b20c7534363a90cdcf4951dc285o.jpg\" width=\"960px\" \/><\/p>","protected":false},"excerpt":{"rendered":"<p>Multifunctional Storage Rack Trolley Bookshelf Kitchen Corner Narrow Slit Storage Cabinet Bathroom Living Room Home Organizer Item Description: Material:\u00a0Iron Art&#8230;<\/p>","protected":false},"featured_media":13092,"comment_status":"open","ping_status":"closed","template":"","meta":{"_acf_changed":false},"etheme_brands":[],"product_brand":[],"product_cat":[118],"product_tag":[],"class_list":{"0":"post-13070","1":"product","2":"type-product","3":"status-publish","4":"has-post-thumbnail","6":"product_cat-sale-shop","8":"first","9":"instock","10":"sale","11":"shipping-taxable","12":"purchasable","13":"product-type-variable","14":"wvs-archive-product-wrapper"},"acf":[],"_links":{"self":[{"href":"https:\/\/rareecommerce.shop\/da\/wp-json\/wp\/v2\/product\/13070","targetHints":{"allow":["GET"]}}],"collection":[{"href":"https:\/\/rareecommerce.shop\/da\/wp-json\/wp\/v2\/product"}],"about":[{"href":"https:\/\/rareecommerce.shop\/da\/wp-json\/wp\/v2\/types\/product"}],"replies":[{"embeddable":true,"href":"https:\/\/rareecommerce.shop\/da\/wp-json\/wp\/v2\/comments?post=13070"}],"version-history":[{"count":2,"href":"https:\/\/rareecommerce.shop\/da\/wp-json\/wp\/v2\/product\/13070\/revisions"}],"predecessor-version":[{"id":13115,"href":"https:\/\/rareecommerce.shop\/da\/wp-json\/wp\/v2\/product\/13070\/revisions\/13115"}],"wp:featuredmedia":[{"embeddable":true,"href":"https:\/\/rareecommerce.shop\/da\/wp-json\/wp\/v2\/media\/13092"}],"wp:attachment":[{"href":"https:\/\/rareecommerce.shop\/da\/wp-json\/wp\/v2\/media?parent=13070"}],"wp:term":[{"taxonomy":"brand","embeddable":true,"href":"https:\/\/rareecommerce.shop\/da\/wp-json\/wp\/v2\/etheme_brands?post=13070"},{"taxonomy":"product_brand","embeddable":true,"href":"https:\/\/rareecommerce.shop\/da\/wp-json\/wp\/v2\/product_brand?post=13070"},{"taxonomy":"product_cat","embeddable":true,"href":"https:\/\/rareecommerce.shop\/da\/wp-json\/wp\/v2\/product_cat?post=13070"},{"taxonomy":"product_tag","embeddable":true,"href":"https:\/\/rareecommerce.shop\/da\/wp-json\/wp\/v2\/product_tag?post=13070"}],"curies":[{"name":"wp","href":"https:\/\/api.w.org\/{rel}","templated":true}]}}