{"id":13116,"date":"2026-01-23T20:18:10","date_gmt":"2026-01-23T20:18:10","guid":{"rendered":"https:\/\/rareecommerce.shop\/?post_type=product&#038;p=13116"},"modified":"2026-01-23T20:18:10","modified_gmt":"2026-01-23T20:18:10","slug":"yitahome-fabric-chest-of-4-drawers-dresser-bedroom-storage-unit-living-room-organizer-for-living-room-bedroom-entryway","status":"publish","type":"product","link":"https:\/\/rareecommerce.shop\/da\/vare\/yitahome-fabric-chest-of-4-drawers-dresser-bedroom-storage-unit-living-room-organizer-for-living-room-bedroom-entryway\/","title":{"rendered":"YITAHOME Stofkommode med 4 skuffer, sovev\u00e6relsesopbevaringsenhed, stueorganizer, til stue, sovev\u00e6relse, entr\u00e9"},"content":{"rendered":"<p><img decoding=\"async\" src=\"https:\/\/ae01.alicdn.com\/kf\/S3ec20e0b27b643bba75ed7ec152989aeY.jpg\" \/><img decoding=\"async\" src=\"https:\/\/ae01.alicdn.com\/kf\/S731bdd564e8d499fab9845010092d04e2.jpg\" \/><img decoding=\"async\" src=\"https:\/\/ae01.alicdn.com\/kf\/S445b41dc449544439453ecd710725b44y.jpg\" \/><img decoding=\"async\" src=\"https:\/\/ae01.alicdn.com\/kf\/S4a93aff929e241159fc122c297a734b62.jpg\" \/><span class=\"slate-node-text\">Om dette produkt<\/span><\/p>\n<p align=\"start\"><span class=\"slate-node-text\">Dette sidebord er udstyret med en tr\u00e6plade, som er nem at reng\u00f8re og forhindrer ridser og pletter.<\/span><\/p>\n<p align=\"start\"><span class=\"slate-node-text\">Med en h\u00f8jde p\u00e5 25 cm har vores sidebord den perfekte st\u00f8rrelse til at placere ved siden af en sofa, s\u00e5 der er nem adgang til de vigtigste ting, f.eks. b\u00f8ger, briller og en lampe.<\/span><\/p>\n<p align=\"start\"><span class=\"slate-node-text\">Vi har leveret de n\u00f8dvendige installationsv\u00e6rkt\u00f8jer i pakken. If\u00f8lge instruktionerne kan du gennemf\u00f8re installationen p\u00e5 ca. 20 minutter.<\/span><\/p>\n<p align=\"start\"><img decoding=\"async\" src=\"https:\/\/ae01.alicdn.com\/kf\/S01e7b518766a4ba4a6fffd64788b01a9w.jpg\" \/><img decoding=\"async\" src=\"https:\/\/ae01.alicdn.com\/kf\/Sfe5dc92a62974169836c21ebbcd86af4l.jpg\" \/><img decoding=\"async\" src=\"https:\/\/ae01.alicdn.com\/kf\/S41f1f7ce77b344268173b3e4014c0bfaa.jpg\" \/><img decoding=\"async\" src=\"https:\/\/ae01.alicdn.com\/kf\/S111fc9263f36483cbcdc9a837f800bcbD.jpg\" \/><img decoding=\"async\" src=\"https:\/\/ae01.alicdn.com\/kf\/Sc0cd159a6bdc46bbb656498923e1f0469.jpg\" \/><img decoding=\"async\" src=\"https:\/\/ae01.alicdn.com\/kf\/S95f162d6300341babb207f9a0068815aK.jpg\" \/><img decoding=\"async\" src=\"https:\/\/ae01.alicdn.com\/kf\/S3d7954dd294b44fa9e91a6862d3f6d0ao.jpg\" \/><img decoding=\"async\" src=\"https:\/\/ae01.alicdn.com\/kf\/S9e6166ad286f444ab94bc655ee5418b46.jpg\" \/><\/p>","protected":false},"excerpt":{"rendered":"<p>About this product This end side table is equipped with a wooden top, which is easy to clean and prevents&#8230;<\/p>","protected":false},"featured_media":13122,"comment_status":"open","ping_status":"closed","template":"","meta":{"_acf_changed":false},"etheme_brands":[],"product_brand":[],"product_cat":[118],"product_tag":[],"class_list":{"0":"post-13116","1":"product","2":"type-product","3":"status-publish","4":"has-post-thumbnail","6":"product_cat-sale-shop","8":"first","9":"instock","10":"sale","11":"shipping-taxable","12":"purchasable","13":"product-type-variable","14":"wvs-archive-product-wrapper"},"acf":[],"_links":{"self":[{"href":"https:\/\/rareecommerce.shop\/da\/wp-json\/wp\/v2\/product\/13116","targetHints":{"allow":["GET"]}}],"collection":[{"href":"https:\/\/rareecommerce.shop\/da\/wp-json\/wp\/v2\/product"}],"about":[{"href":"https:\/\/rareecommerce.shop\/da\/wp-json\/wp\/v2\/types\/product"}],"replies":[{"embeddable":true,"href":"https:\/\/rareecommerce.shop\/da\/wp-json\/wp\/v2\/comments?post=13116"}],"version-history":[{"count":1,"href":"https:\/\/rareecommerce.shop\/da\/wp-json\/wp\/v2\/product\/13116\/revisions"}],"predecessor-version":[{"id":13141,"href":"https:\/\/rareecommerce.shop\/da\/wp-json\/wp\/v2\/product\/13116\/revisions\/13141"}],"wp:featuredmedia":[{"embeddable":true,"href":"https:\/\/rareecommerce.shop\/da\/wp-json\/wp\/v2\/media\/13122"}],"wp:attachment":[{"href":"https:\/\/rareecommerce.shop\/da\/wp-json\/wp\/v2\/media?parent=13116"}],"wp:term":[{"taxonomy":"brand","embeddable":true,"href":"https:\/\/rareecommerce.shop\/da\/wp-json\/wp\/v2\/etheme_brands?post=13116"},{"taxonomy":"product_brand","embeddable":true,"href":"https:\/\/rareecommerce.shop\/da\/wp-json\/wp\/v2\/product_brand?post=13116"},{"taxonomy":"product_cat","embeddable":true,"href":"https:\/\/rareecommerce.shop\/da\/wp-json\/wp\/v2\/product_cat?post=13116"},{"taxonomy":"product_tag","embeddable":true,"href":"https:\/\/rareecommerce.shop\/da\/wp-json\/wp\/v2\/product_tag?post=13116"}],"curies":[{"name":"wp","href":"https:\/\/api.w.org\/{rel}","templated":true}]}}