{"id":13452,"date":"2026-04-03T01:43:58","date_gmt":"2026-04-03T01:43:58","guid":{"rendered":"https:\/\/rareecommerce.shop\/?post_type=product&#038;p=13452"},"modified":"2026-04-03T01:50:45","modified_gmt":"2026-04-03T01:50:45","slug":"cottecota-arenero-para-gatos-doble-puerta-diseno-cuadrado-3-colores-49x38x39cm-con-pala-para-limpieza-y-puerta-en-forma-de-cara-de-gato","status":"publish","type":"product","link":"https:\/\/rareecommerce.shop\/da\/vare\/cottecota-arenero-para-gatos-doble-puerta-diseno-cuadrado-3-colores-49x38x39cm-con-pala-para-limpieza-y-puerta-en-forma-de-cara-de-gato\/","title":{"rendered":"COTTECOTA Arenero para Gatos Doble Puerta Dise\u00f1o Cuadrado 3 Colores 49x38x39cm con Pala para Limpieza y Puerta en Forma de Cara de Gato"},"content":{"rendered":"<div data-elementor-type=\"product-post\" data-elementor-id=\"13452\" class=\"elementor elementor-13452\" data-elementor-post-type=\"product\">\n\t\t\t\t<div class=\"elementor-element elementor-element-17145191 e-flex e-con-boxed e-con e-parent\" data-id=\"17145191\" data-element_type=\"container\" data-settings=\"{&quot;ekit_has_onepagescroll_dot&quot;:&quot;yes&quot;}\">\n\t\t\t\t\t<div class=\"e-con-inner\">\n\t\t\t\t<div class=\"elementor-element elementor-element-1b5caa71 elementor-widget elementor-widget-text-editor\" data-id=\"1b5caa71\" data-element_type=\"widget\" data-settings=\"{&quot;ekit_we_effect_on&quot;:&quot;none&quot;}\" data-widget_type=\"text-editor.default\">\n\t\t\t\t<div class=\"elementor-widget-container\">\n\t\t\t\t\t\t\t\t\t<h1>Beskrivelse<\/h1>\t\t\t\t\t\t\t\t<\/div>\n\t\t\t\t<\/div>\n\t\t\t\t<div class=\"elementor-element elementor-element-788177ca elementor-widget elementor-widget-text-editor\" data-id=\"788177ca\" data-element_type=\"widget\" data-settings=\"{&quot;ekit_we_effect_on&quot;:&quot;none&quot;}\" data-widget_type=\"text-editor.default\">\n\t\t\t\t<div class=\"elementor-widget-container\">\n\t\t\t\t\t\t\t\t\t<p>Caracter\u00edsticas principales:<\/p><ul><li><div>Dise\u00f1o cerrado cuadrado para mayor limpieza y privacidad<\/div><\/li><li><div>Sistema de doble puerta para un acceso c\u00f3modo<\/div><\/li><li><div>Puerta frontal con dise\u00f1o de cara de gato<\/div><\/li><li><div>Incluye pala para limpieza<\/div><\/li><li><div>Material resistente y f\u00e1cil de limpiar<\/div><\/li><li><div>Reduce olores y evita la dispersi\u00f3n de arena<\/div><\/li><li><div>Medidas: 49 x 38 x 39 cm<\/div><\/li><li><div>Disponible en 3 colores<\/div><\/li><\/ul>\t\t\t\t\t\t\t\t<\/div>\n\t\t\t\t<\/div>\n\t\t\t\t<div class=\"elementor-element elementor-element-a6e2ae6 elementor-widget elementor-widget-image\" data-id=\"a6e2ae6\" data-element_type=\"widget\" data-settings=\"{&quot;ekit_we_effect_on&quot;:&quot;none&quot;}\" data-widget_type=\"image.default\">\n\t\t\t\t<div class=\"elementor-widget-container\">\n\t\t\t\t\t\t\t\t\t\t\t\t\t\t\t<img loading=\"lazy\" decoding=\"async\" width=\"800\" height=\"800\" src=\"https:\/\/rareecommerce.shop\/wp-content\/uploads\/2026\/04\/Efc06a35736aa455880d90977deaed144x.webp\" class=\"attachment-full size-full wp-image-13463 wvs-archive-product-image\" alt=\"\" srcset=\"https:\/\/rareecommerce.shop\/wp-content\/uploads\/2026\/04\/Efc06a35736aa455880d90977deaed144x.webp 800w, https:\/\/rareecommerce.shop\/wp-content\/uploads\/2026\/04\/Efc06a35736aa455880d90977deaed144x-300x300.webp 300w, https:\/\/rareecommerce.shop\/wp-content\/uploads\/2026\/04\/Efc06a35736aa455880d90977deaed144x-150x150.webp 150w, https:\/\/rareecommerce.shop\/wp-content\/uploads\/2026\/04\/Efc06a35736aa455880d90977deaed144x-768x768.webp 768w, https:\/\/rareecommerce.shop\/wp-content\/uploads\/2026\/04\/Efc06a35736aa455880d90977deaed144x-12x12.webp 12w, https:\/\/rareecommerce.shop\/wp-content\/uploads\/2026\/04\/Efc06a35736aa455880d90977deaed144x-600x600.webp 600w, https:\/\/rareecommerce.shop\/wp-content\/uploads\/2026\/04\/Efc06a35736aa455880d90977deaed144x-100x100.webp 100w, https:\/\/rareecommerce.shop\/wp-content\/uploads\/2026\/04\/Efc06a35736aa455880d90977deaed144x-50x50.webp 50w, https:\/\/rareecommerce.shop\/wp-content\/uploads\/2026\/04\/Efc06a35736aa455880d90977deaed144x-1x1.webp 1w, https:\/\/rareecommerce.shop\/wp-content\/uploads\/2026\/04\/Efc06a35736aa455880d90977deaed144x-10x10.webp 10w\" sizes=\"auto, (max-width: 800px) 100vw, 800px\" \/>\t\t\t\t\t\t\t\t\t\t\t\t\t\t\t<\/div>\n\t\t\t\t<\/div>\n\t\t\t\t<div class=\"elementor-element elementor-element-2366af54 elementor-widget elementor-widget-image\" data-id=\"2366af54\" data-element_type=\"widget\" data-settings=\"{&quot;ekit_we_effect_on&quot;:&quot;none&quot;}\" data-widget_type=\"image.default\">\n\t\t\t\t<div class=\"elementor-widget-container\">\n\t\t\t\t\t\t\t\t\t\t\t\t\t\t\t<img loading=\"lazy\" decoding=\"async\" width=\"2048\" height=\"2048\" src=\"https:\/\/rareecommerce.shop\/wp-content\/uploads\/2026\/04\/E443883be29704d0082bdfb2de1e4c45c3.webp\" class=\"attachment-full size-full wp-image-13464 wvs-archive-product-image\" alt=\"\" srcset=\"https:\/\/rareecommerce.shop\/wp-content\/uploads\/2026\/04\/E443883be29704d0082bdfb2de1e4c45c3.webp 2048w, https:\/\/rareecommerce.shop\/wp-content\/uploads\/2026\/04\/E443883be29704d0082bdfb2de1e4c45c3-300x300.webp 300w, https:\/\/rareecommerce.shop\/wp-content\/uploads\/2026\/04\/E443883be29704d0082bdfb2de1e4c45c3-1024x1024.webp 1024w, https:\/\/rareecommerce.shop\/wp-content\/uploads\/2026\/04\/E443883be29704d0082bdfb2de1e4c45c3-150x150.webp 150w, https:\/\/rareecommerce.shop\/wp-content\/uploads\/2026\/04\/E443883be29704d0082bdfb2de1e4c45c3-768x768.webp 768w, https:\/\/rareecommerce.shop\/wp-content\/uploads\/2026\/04\/E443883be29704d0082bdfb2de1e4c45c3-1536x1536.webp 1536w, https:\/\/rareecommerce.shop\/wp-content\/uploads\/2026\/04\/E443883be29704d0082bdfb2de1e4c45c3-12x12.webp 12w, https:\/\/rareecommerce.shop\/wp-content\/uploads\/2026\/04\/E443883be29704d0082bdfb2de1e4c45c3-600x600.webp 600w, https:\/\/rareecommerce.shop\/wp-content\/uploads\/2026\/04\/E443883be29704d0082bdfb2de1e4c45c3-100x100.webp 100w, https:\/\/rareecommerce.shop\/wp-content\/uploads\/2026\/04\/E443883be29704d0082bdfb2de1e4c45c3-50x50.webp 50w, https:\/\/rareecommerce.shop\/wp-content\/uploads\/2026\/04\/E443883be29704d0082bdfb2de1e4c45c3-1x1.webp 1w, https:\/\/rareecommerce.shop\/wp-content\/uploads\/2026\/04\/E443883be29704d0082bdfb2de1e4c45c3-10x10.webp 10w\" sizes=\"auto, (max-width: 2048px) 100vw, 2048px\" \/>\t\t\t\t\t\t\t\t\t\t\t\t\t\t\t<\/div>\n\t\t\t\t<\/div>\n\t\t\t\t<div class=\"elementor-element elementor-element-128891c1 elementor-widget elementor-widget-image\" data-id=\"128891c1\" data-element_type=\"widget\" data-settings=\"{&quot;ekit_we_effect_on&quot;:&quot;none&quot;}\" data-widget_type=\"image.default\">\n\t\t\t\t<div class=\"elementor-widget-container\">\n\t\t\t\t\t\t\t\t\t\t\t\t\t\t\t<img loading=\"lazy\" decoding=\"async\" width=\"800\" height=\"800\" src=\"https:\/\/rareecommerce.shop\/wp-content\/uploads\/2026\/04\/E99635f2004394192883f80d78232fd05S.webp\" class=\"attachment-full size-full wp-image-13465 wvs-archive-product-image\" alt=\"\" srcset=\"https:\/\/rareecommerce.shop\/wp-content\/uploads\/2026\/04\/E99635f2004394192883f80d78232fd05S.webp 800w, https:\/\/rareecommerce.shop\/wp-content\/uploads\/2026\/04\/E99635f2004394192883f80d78232fd05S-300x300.webp 300w, https:\/\/rareecommerce.shop\/wp-content\/uploads\/2026\/04\/E99635f2004394192883f80d78232fd05S-150x150.webp 150w, https:\/\/rareecommerce.shop\/wp-content\/uploads\/2026\/04\/E99635f2004394192883f80d78232fd05S-768x768.webp 768w, https:\/\/rareecommerce.shop\/wp-content\/uploads\/2026\/04\/E99635f2004394192883f80d78232fd05S-12x12.webp 12w, https:\/\/rareecommerce.shop\/wp-content\/uploads\/2026\/04\/E99635f2004394192883f80d78232fd05S-600x600.webp 600w, https:\/\/rareecommerce.shop\/wp-content\/uploads\/2026\/04\/E99635f2004394192883f80d78232fd05S-100x100.webp 100w, https:\/\/rareecommerce.shop\/wp-content\/uploads\/2026\/04\/E99635f2004394192883f80d78232fd05S-50x50.webp 50w, https:\/\/rareecommerce.shop\/wp-content\/uploads\/2026\/04\/E99635f2004394192883f80d78232fd05S-1x1.webp 1w, https:\/\/rareecommerce.shop\/wp-content\/uploads\/2026\/04\/E99635f2004394192883f80d78232fd05S-10x10.webp 10w\" sizes=\"auto, (max-width: 800px) 100vw, 800px\" \/>\t\t\t\t\t\t\t\t\t\t\t\t\t\t\t<\/div>\n\t\t\t\t<\/div>\n\t\t\t\t<div class=\"elementor-element elementor-element-69bd0c9c elementor-widget elementor-widget-image\" data-id=\"69bd0c9c\" data-element_type=\"widget\" data-settings=\"{&quot;ekit_we_effect_on&quot;:&quot;none&quot;}\" data-widget_type=\"image.default\">\n\t\t\t\t<div class=\"elementor-widget-container\">\n\t\t\t\t\t\t\t\t\t\t\t\t\t\t\t<img loading=\"lazy\" decoding=\"async\" width=\"800\" height=\"800\" src=\"https:\/\/rareecommerce.shop\/wp-content\/uploads\/2026\/04\/E224dec0abd66416b883668e7b88f763ap.webp\" class=\"attachment-full size-full wp-image-13466 wvs-archive-product-image\" alt=\"\" srcset=\"https:\/\/rareecommerce.shop\/wp-content\/uploads\/2026\/04\/E224dec0abd66416b883668e7b88f763ap.webp 800w, https:\/\/rareecommerce.shop\/wp-content\/uploads\/2026\/04\/E224dec0abd66416b883668e7b88f763ap-300x300.webp 300w, https:\/\/rareecommerce.shop\/wp-content\/uploads\/2026\/04\/E224dec0abd66416b883668e7b88f763ap-150x150.webp 150w, https:\/\/rareecommerce.shop\/wp-content\/uploads\/2026\/04\/E224dec0abd66416b883668e7b88f763ap-768x768.webp 768w, https:\/\/rareecommerce.shop\/wp-content\/uploads\/2026\/04\/E224dec0abd66416b883668e7b88f763ap-12x12.webp 12w, https:\/\/rareecommerce.shop\/wp-content\/uploads\/2026\/04\/E224dec0abd66416b883668e7b88f763ap-600x600.webp 600w, https:\/\/rareecommerce.shop\/wp-content\/uploads\/2026\/04\/E224dec0abd66416b883668e7b88f763ap-100x100.webp 100w, https:\/\/rareecommerce.shop\/wp-content\/uploads\/2026\/04\/E224dec0abd66416b883668e7b88f763ap-50x50.webp 50w, https:\/\/rareecommerce.shop\/wp-content\/uploads\/2026\/04\/E224dec0abd66416b883668e7b88f763ap-1x1.webp 1w, https:\/\/rareecommerce.shop\/wp-content\/uploads\/2026\/04\/E224dec0abd66416b883668e7b88f763ap-10x10.webp 10w\" sizes=\"auto, (max-width: 800px) 100vw, 800px\" \/>\t\t\t\t\t\t\t\t\t\t\t\t\t\t\t<\/div>\n\t\t\t\t<\/div>\n\t\t\t\t<div class=\"elementor-element elementor-element-1cf009f5 elementor-widget elementor-widget-text-editor\" data-id=\"1cf009f5\" data-element_type=\"widget\" data-settings=\"{&quot;ekit_we_effect_on&quot;:&quot;none&quot;}\" data-widget_type=\"text-editor.default\">\n\t\t\t\t<div class=\"elementor-widget-container\">\n\t\t\t\t\t\t\t\t\t<!DOCTYPE html>\n<html lang=\"es\">\n<head>\n    <meta charset=\"UTF-8\">\n    <meta name=\"viewport\" content=\"width=device-width, initial-scale=1.0\">\n    <title>Otras caracter\u00edsticas<\/title>\n    <style>\n        body {\n            font-family: Arial, sans-serif;\n            margin: 20px;\n            background: white;\n        }\n        table {\n            width: 100%;\n            border-collapse: collapse;\n        }\n        tr {\n            border-bottom: 1px solid #ccc;\n        }\n        td {\n            padding: 10px 5px;\n            vertical-align: top;\n        }\n        td:first-child {\n            font-weight: bold;\n            width: 250px;\n        }\n        h2 {\n            margin-bottom: 15px;\n            font-weight: normal;\n        }\n    <\/style>\n<\/head>\n<body>\n    <h2>Otras caracter\u00edsticas<\/h2>\n    <table>\n        <tr><td>Bandeja extra\u00edble<\/td><td>S\u00ed<\/td><\/tr>\n        <tr><td>Tama\u00f1os de raza<\/td><td>Todas las razas<\/td><\/tr>\n        <tr><td>Atributos adicionales<\/td><td>pala incluida, bandeja extra\u00edble<\/td><\/tr>\n        <tr><td>Materiales peligrosos<\/td><td>Ninguno<\/td><\/tr>\n    <\/table>\n<\/body>\n<\/html>\t\t\t\t\t\t\t\t<\/div>\n\t\t\t\t<\/div>\n\t\t\t\t\t<\/div>\n\t\t\t\t<\/div>\n\t\t\t\t<\/div>","protected":false},"excerpt":{"rendered":"<p>Descripci\u00f3n Caracter\u00edsticas principales: Dise\u00f1o cerrado cuadrado para mayor limpieza y privacidad Sistema de doble puerta para un acceso c\u00f3modo Puerta&#8230;<\/p>","protected":false},"featured_media":13456,"comment_status":"open","ping_status":"closed","template":"","meta":{"_acf_changed":false},"etheme_brands":[],"product_brand":[],"product_cat":[118],"product_tag":[],"class_list":{"0":"post-13452","1":"product","2":"type-product","3":"status-publish","4":"has-post-thumbnail","6":"product_cat-sale-shop","8":"first","9":"instock","10":"sale","11":"shipping-taxable","12":"purchasable","13":"product-type-variable","14":"wvs-archive-product-wrapper"},"acf":[],"_links":{"self":[{"href":"https:\/\/rareecommerce.shop\/da\/wp-json\/wp\/v2\/product\/13452","targetHints":{"allow":["GET"]}}],"collection":[{"href":"https:\/\/rareecommerce.shop\/da\/wp-json\/wp\/v2\/product"}],"about":[{"href":"https:\/\/rareecommerce.shop\/da\/wp-json\/wp\/v2\/types\/product"}],"replies":[{"embeddable":true,"href":"https:\/\/rareecommerce.shop\/da\/wp-json\/wp\/v2\/comments?post=13452"}],"version-history":[{"count":4,"href":"https:\/\/rareecommerce.shop\/da\/wp-json\/wp\/v2\/product\/13452\/revisions"}],"predecessor-version":[{"id":13474,"href":"https:\/\/rareecommerce.shop\/da\/wp-json\/wp\/v2\/product\/13452\/revisions\/13474"}],"wp:featuredmedia":[{"embeddable":true,"href":"https:\/\/rareecommerce.shop\/da\/wp-json\/wp\/v2\/media\/13456"}],"wp:attachment":[{"href":"https:\/\/rareecommerce.shop\/da\/wp-json\/wp\/v2\/media?parent=13452"}],"wp:term":[{"taxonomy":"brand","embeddable":true,"href":"https:\/\/rareecommerce.shop\/da\/wp-json\/wp\/v2\/etheme_brands?post=13452"},{"taxonomy":"product_brand","embeddable":true,"href":"https:\/\/rareecommerce.shop\/da\/wp-json\/wp\/v2\/product_brand?post=13452"},{"taxonomy":"product_cat","embeddable":true,"href":"https:\/\/rareecommerce.shop\/da\/wp-json\/wp\/v2\/product_cat?post=13452"},{"taxonomy":"product_tag","embeddable":true,"href":"https:\/\/rareecommerce.shop\/da\/wp-json\/wp\/v2\/product_tag?post=13452"}],"curies":[{"name":"wp","href":"https:\/\/api.w.org\/{rel}","templated":true}]}}