{"id":13661,"date":"2026-04-13T04:25:42","date_gmt":"2026-04-13T04:25:42","guid":{"rendered":"https:\/\/rareecommerce.shop\/?post_type=product&#038;p=13661"},"modified":"2026-04-13T05:40:37","modified_gmt":"2026-04-13T05:40:37","slug":"conjunto-de-disfraz-de-colegiala-sexy-para-mujer-ugreat-camisa-corta-ajustable-falda-y-tanga-con-lazo-decorativo-ideal-para-cosplay-lenceria-y-conjuntos-a-juego-para-mu","status":"publish","type":"product","link":"https:\/\/rareecommerce.shop\/da\/vare\/conjunto-de-disfraz-de-colegiala-sexy-para-mujer-ugreat-camisa-corta-ajustable-falda-y-tanga-con-lazo-decorativo-ideal-para-cosplay-lenceria-y-conjuntos-a-juego-para-mu\/","title":{"rendered":"Conjunto de disfraz de colegiala sexy para mujer \u2013 Ugreat \u2013 Camisa corta ajustable, falda y tanga con lazo decorativo \u2013 Ideal para cosplay, lencer\u00eda y conjuntos a juego para mujer"},"content":{"rendered":"<div data-elementor-type=\"product-post\" data-elementor-id=\"13661\" class=\"elementor elementor-13661\" data-elementor-post-type=\"product\">\n\t\t\t\t<div class=\"elementor-element elementor-element-7122ad5f e-flex e-con-boxed e-con e-parent\" data-id=\"7122ad5f\" data-element_type=\"container\" data-settings=\"{&quot;ekit_has_onepagescroll_dot&quot;:&quot;yes&quot;}\">\n\t\t\t\t\t<div class=\"e-con-inner\">\n\t\t<div class=\"elementor-element elementor-element-4a10144e e-grid e-con-full e-con e-child\" data-id=\"4a10144e\" data-element_type=\"container\" data-settings=\"{&quot;ekit_has_onepagescroll_dot&quot;:&quot;yes&quot;}\">\n\t\t\t\t<div class=\"elementor-element elementor-element-2d31732b elementor-widget elementor-widget-video\" data-id=\"2d31732b\" data-element_type=\"widget\" data-settings=\"{&quot;video_type&quot;:&quot;hosted&quot;,&quot;controls&quot;:&quot;yes&quot;,&quot;ekit_we_effect_on&quot;:&quot;none&quot;}\" data-widget_type=\"video.default\">\n\t\t\t\t<div class=\"elementor-widget-container\">\n\t\t\t\t\t\t\t<div class=\"e-hosted-video elementor-wrapper elementor-open-inline\">\n\t\t\t\t\t<video class=\"elementor-video\" src=\"https:\/\/rareecommerce.shop\/wp-content\/uploads\/2026\/04\/31-1.mp4\" controls=\"\" preload=\"metadata\" controlslist=\"nodownload\"><\/video>\n\t\t\t\t<\/div>\n\t\t\t\t\t\t<\/div>\n\t\t\t\t<\/div>\n\t\t\t\t<div class=\"elementor-element elementor-element-5919c212 elementor-widget elementor-widget-text-editor\" data-id=\"5919c212\" data-element_type=\"widget\" data-settings=\"{&quot;ekit_we_effect_on&quot;:&quot;none&quot;}\" data-widget_type=\"text-editor.default\">\n\t\t\t\t<div class=\"elementor-widget-container\">\n\t\t\t\t\t\t\t\t\t<div class=\"elementor-widget-container\">\n    Detalles del art\u00edculo\n\n<div class=\"product-table\">\n  <div class=\"product-row\">\n    <div class=\"product-label\"><strong>Descripci\u00f3n de rango de edad<\/strong><\/div>\n    <div class=\"product-value\"><strong>Adulto<\/strong><\/div>\n  <\/div>\n  <div class=\"product-row\">\n    <div class=\"product-label\"><strong>Componentes incluidos<\/strong><\/div>\n    <div class=\"product-value\"><strong>Cintur\u00f3n, Sujetador, Diadema<\/strong><\/div>\n  <\/div>\n  <div class=\"product-row\">\n    <div class=\"product-label\"><strong>Tallas especiales<\/strong><\/div>\n    <div class=\"product-value\"><strong>Est\u00e1ndar<\/strong><\/div>\n  <\/div>\n  <div class=\"product-row\">\n    <div class=\"product-label\"><strong>Instrucciones de cuidado<\/strong><\/div>\n    <div class=\"product-value\"><strong>Lavar solo a mano<\/strong><\/div>\n  <\/div>\n  <div class=\"product-row\">\n    <div class=\"product-label\"><strong>Nombre del tipo de art\u00edculo<\/strong><\/div>\n    <div class=\"product-value\"><strong>Conjunto de lencer\u00eda<\/strong><\/div>\n  <\/div>\n<\/div>\n\n<style>\n.product-table {\n  width: 100%;\n  border-top: 1px solid #000;\n  font-family: Arial, sans-serif;\n}\n\n.product-row {\n  display: flex;\n  border-bottom: 1px solid #000;\n  padding: 12px 0;\n}\n\n.product-label {\n  flex: 1;\n  font-weight: bold;\n  min-width: 200px;\n  padding-right: 20px;\n}\n\n.product-value {\n  flex: 1;\n  min-width: 200px;\n}\n<\/style>\n<\/div>\t\t\t\t\t\t\t\t<\/div>\n\t\t\t\t<\/div>\n\t\t\t\t<\/div>\n\t\t\t\t\t<\/div>\n\t\t\t\t<\/div>\n\t\t<div class=\"elementor-element elementor-element-25588f1a e-flex e-con-boxed e-con e-parent\" data-id=\"25588f1a\" data-element_type=\"container\" data-settings=\"{&quot;ekit_has_onepagescroll_dot&quot;:&quot;yes&quot;}\">\n\t\t\t\t\t<div class=\"e-con-inner\">\n\t\t\t\t<div class=\"elementor-element elementor-element-7d1a2ca2 elementor-widget elementor-widget-heading\" data-id=\"7d1a2ca2\" data-element_type=\"widget\" data-settings=\"{&quot;ekit_we_effect_on&quot;:&quot;none&quot;}\" data-widget_type=\"heading.default\">\n\t\t\t\t<div class=\"elementor-widget-container\">\n\t\t\t\t\t<h2 class=\"elementor-heading-title elementor-size-default\">Conjunto de Colegiala Sexy para Mujer \u2013 El Disfraz Perfecto para Cosplay, Lencer\u00eda y Noches Especiales<\/h2>\t\t\t\t<\/div>\n\t\t\t\t<\/div>\n\t\t\t\t<div class=\"elementor-element elementor-element-7a9c9655 elementor-widget elementor-widget-text-editor\" data-id=\"7a9c9655\" data-element_type=\"widget\" data-settings=\"{&quot;ekit_we_effect_on&quot;:&quot;none&quot;}\" data-widget_type=\"text-editor.default\">\n\t\t\t\t<div class=\"elementor-widget-container\">\n\t\t\t\t\t\t\t\t\t<p>No necesitas comprar un disfraz diferente para cada ocasi\u00f3n. Este conjunto te sirve para:<\/p><ul><li><p class=\"ds-markdown-paragraph\">Cosplay de personajes escolares (anime, series, juegos)<\/p><ul><li><p class=\"ds-markdown-paragraph\">Fiestas tem\u00e1ticas (fiesta de pijamas, Halloween, a\u00f1o nuevo)<\/p><\/li><\/ul><\/li><\/ul>\t\t\t\t\t\t\t\t<\/div>\n\t\t\t\t<\/div>\n\t\t<div class=\"elementor-element elementor-element-40519641 e-grid e-con-full e-con e-child\" data-id=\"40519641\" data-element_type=\"container\" data-settings=\"{&quot;ekit_has_onepagescroll_dot&quot;:&quot;yes&quot;}\">\n\t\t\t\t<div class=\"elementor-element elementor-element-27852fa3 elementor-position-top elementor-widget elementor-widget-image-box\" data-id=\"27852fa3\" data-element_type=\"widget\" data-settings=\"{&quot;ekit_we_effect_on&quot;:&quot;none&quot;}\" data-widget_type=\"image-box.default\">\n\t\t\t\t<div class=\"elementor-widget-container\">\n\t\t\t\t\t<div class=\"elementor-image-box-wrapper\"><figure class=\"elementor-image-box-img\"><img loading=\"lazy\" decoding=\"async\" width=\"1024\" height=\"1024\" src=\"https:\/\/rareecommerce.shop\/wp-content\/uploads\/2026\/04\/grok-image-69ee7f7f-6534-4603-bb5f-018e29380d4c-1.jpg\" class=\"attachment-full size-full wp-image-13690 wvs-archive-product-image\" alt=\"\" srcset=\"https:\/\/rareecommerce.shop\/wp-content\/uploads\/2026\/04\/grok-image-69ee7f7f-6534-4603-bb5f-018e29380d4c-1.jpg 1024w, https:\/\/rareecommerce.shop\/wp-content\/uploads\/2026\/04\/grok-image-69ee7f7f-6534-4603-bb5f-018e29380d4c-1-300x300.jpg 300w, https:\/\/rareecommerce.shop\/wp-content\/uploads\/2026\/04\/grok-image-69ee7f7f-6534-4603-bb5f-018e29380d4c-1-150x150.jpg 150w, https:\/\/rareecommerce.shop\/wp-content\/uploads\/2026\/04\/grok-image-69ee7f7f-6534-4603-bb5f-018e29380d4c-1-768x768.jpg 768w, https:\/\/rareecommerce.shop\/wp-content\/uploads\/2026\/04\/grok-image-69ee7f7f-6534-4603-bb5f-018e29380d4c-1-12x12.jpg 12w, https:\/\/rareecommerce.shop\/wp-content\/uploads\/2026\/04\/grok-image-69ee7f7f-6534-4603-bb5f-018e29380d4c-1-600x600.jpg 600w, https:\/\/rareecommerce.shop\/wp-content\/uploads\/2026\/04\/grok-image-69ee7f7f-6534-4603-bb5f-018e29380d4c-1-100x100.jpg 100w, https:\/\/rareecommerce.shop\/wp-content\/uploads\/2026\/04\/grok-image-69ee7f7f-6534-4603-bb5f-018e29380d4c-1-50x50.jpg 50w, https:\/\/rareecommerce.shop\/wp-content\/uploads\/2026\/04\/grok-image-69ee7f7f-6534-4603-bb5f-018e29380d4c-1-1x1.jpg 1w, https:\/\/rareecommerce.shop\/wp-content\/uploads\/2026\/04\/grok-image-69ee7f7f-6534-4603-bb5f-018e29380d4c-1-10x10.jpg 10w\" sizes=\"auto, (max-width: 1024px) 100vw, 1024px\" \/><\/figure><div class=\"elementor-image-box-content\"><h3 class=\"elementor-image-box-title\">Playful Plaid Pattern<\/h3><p class=\"elementor-image-box-description\">The playful plaid print on the pleated skirt adds a lively touch, perfect for embracing the flirty spirit of a school girl aesthetic.<\/p><\/div><\/div>\t\t\t\t<\/div>\n\t\t\t\t<\/div>\n\t\t\t\t<div class=\"elementor-element elementor-element-7ed4fc8c elementor-position-top elementor-widget elementor-widget-image-box\" data-id=\"7ed4fc8c\" data-element_type=\"widget\" data-settings=\"{&quot;ekit_we_effect_on&quot;:&quot;none&quot;}\" data-widget_type=\"image-box.default\">\n\t\t\t\t<div class=\"elementor-widget-container\">\n\t\t\t\t\t<div class=\"elementor-image-box-wrapper\"><figure class=\"elementor-image-box-img\"><img loading=\"lazy\" decoding=\"async\" width=\"1024\" height=\"1024\" src=\"https:\/\/rareecommerce.shop\/wp-content\/uploads\/2026\/04\/grok-image-82c95ac6-30e9-4b92-a3ce-b8fa3699cb59.jpg\" class=\"attachment-full size-full wp-image-13691 wvs-archive-product-image\" alt=\"\" srcset=\"https:\/\/rareecommerce.shop\/wp-content\/uploads\/2026\/04\/grok-image-82c95ac6-30e9-4b92-a3ce-b8fa3699cb59.jpg 1024w, https:\/\/rareecommerce.shop\/wp-content\/uploads\/2026\/04\/grok-image-82c95ac6-30e9-4b92-a3ce-b8fa3699cb59-300x300.jpg 300w, https:\/\/rareecommerce.shop\/wp-content\/uploads\/2026\/04\/grok-image-82c95ac6-30e9-4b92-a3ce-b8fa3699cb59-150x150.jpg 150w, https:\/\/rareecommerce.shop\/wp-content\/uploads\/2026\/04\/grok-image-82c95ac6-30e9-4b92-a3ce-b8fa3699cb59-768x768.jpg 768w, https:\/\/rareecommerce.shop\/wp-content\/uploads\/2026\/04\/grok-image-82c95ac6-30e9-4b92-a3ce-b8fa3699cb59-12x12.jpg 12w, https:\/\/rareecommerce.shop\/wp-content\/uploads\/2026\/04\/grok-image-82c95ac6-30e9-4b92-a3ce-b8fa3699cb59-600x600.jpg 600w, https:\/\/rareecommerce.shop\/wp-content\/uploads\/2026\/04\/grok-image-82c95ac6-30e9-4b92-a3ce-b8fa3699cb59-100x100.jpg 100w, https:\/\/rareecommerce.shop\/wp-content\/uploads\/2026\/04\/grok-image-82c95ac6-30e9-4b92-a3ce-b8fa3699cb59-50x50.jpg 50w, https:\/\/rareecommerce.shop\/wp-content\/uploads\/2026\/04\/grok-image-82c95ac6-30e9-4b92-a3ce-b8fa3699cb59-1x1.jpg 1w, https:\/\/rareecommerce.shop\/wp-content\/uploads\/2026\/04\/grok-image-82c95ac6-30e9-4b92-a3ce-b8fa3699cb59-10x10.jpg 10w\" sizes=\"auto, (max-width: 1024px) 100vw, 1024px\" \/><\/figure><div class=\"elementor-image-box-content\"><h3 class=\"elementor-image-box-title\">Distinctive Three-Piece Set<\/h3><p class=\"elementor-image-box-description\">Includes a crop top, pleated suspender skirt, and thong, offering a complete and cohesive look for themed occasion or cosplay.<\/p><\/div><\/div>\t\t\t\t<\/div>\n\t\t\t\t<\/div>\n\t\t\t\t<div class=\"elementor-element elementor-element-7943a123 elementor-position-top elementor-widget elementor-widget-image-box\" data-id=\"7943a123\" data-element_type=\"widget\" data-settings=\"{&quot;ekit_we_effect_on&quot;:&quot;none&quot;}\" data-widget_type=\"image-box.default\">\n\t\t\t\t<div class=\"elementor-widget-container\">\n\t\t\t\t\t<div class=\"elementor-image-box-wrapper\"><figure class=\"elementor-image-box-img\"><img loading=\"lazy\" decoding=\"async\" width=\"1024\" height=\"1024\" src=\"https:\/\/rareecommerce.shop\/wp-content\/uploads\/2026\/04\/grok-image-d6c7195a-dd77-40ca-b41e-5c5e266d09f0.jpg\" class=\"attachment-full size-full wp-image-13692 wvs-archive-product-image\" alt=\"\" srcset=\"https:\/\/rareecommerce.shop\/wp-content\/uploads\/2026\/04\/grok-image-d6c7195a-dd77-40ca-b41e-5c5e266d09f0.jpg 1024w, https:\/\/rareecommerce.shop\/wp-content\/uploads\/2026\/04\/grok-image-d6c7195a-dd77-40ca-b41e-5c5e266d09f0-300x300.jpg 300w, https:\/\/rareecommerce.shop\/wp-content\/uploads\/2026\/04\/grok-image-d6c7195a-dd77-40ca-b41e-5c5e266d09f0-150x150.jpg 150w, https:\/\/rareecommerce.shop\/wp-content\/uploads\/2026\/04\/grok-image-d6c7195a-dd77-40ca-b41e-5c5e266d09f0-768x768.jpg 768w, https:\/\/rareecommerce.shop\/wp-content\/uploads\/2026\/04\/grok-image-d6c7195a-dd77-40ca-b41e-5c5e266d09f0-12x12.jpg 12w, https:\/\/rareecommerce.shop\/wp-content\/uploads\/2026\/04\/grok-image-d6c7195a-dd77-40ca-b41e-5c5e266d09f0-600x600.jpg 600w, https:\/\/rareecommerce.shop\/wp-content\/uploads\/2026\/04\/grok-image-d6c7195a-dd77-40ca-b41e-5c5e266d09f0-100x100.jpg 100w, https:\/\/rareecommerce.shop\/wp-content\/uploads\/2026\/04\/grok-image-d6c7195a-dd77-40ca-b41e-5c5e266d09f0-50x50.jpg 50w, https:\/\/rareecommerce.shop\/wp-content\/uploads\/2026\/04\/grok-image-d6c7195a-dd77-40ca-b41e-5c5e266d09f0-1x1.jpg 1w, https:\/\/rareecommerce.shop\/wp-content\/uploads\/2026\/04\/grok-image-d6c7195a-dd77-40ca-b41e-5c5e266d09f0-10x10.jpg 10w\" sizes=\"auto, (max-width: 1024px) 100vw, 1024px\" \/><\/figure><div class=\"elementor-image-box-content\"><h3 class=\"elementor-image-box-title\">Versatile Seasonal Wear<\/h3><p class=\"elementor-image-box-description\">This lingerie set is designed for all seasons, making it a perfect addition to your collection for various occasions throughout the year. Please carefully check the clothing size chart before purchasing and select the appropriate size to place your order.\n<\/p><\/div><\/div>\t\t\t\t<\/div>\n\t\t\t\t<\/div>\n\t\t\t\t<\/div>\n\t\t\t\t\t<\/div>\n\t\t\t\t<\/div>\n\t\t<div class=\"elementor-element elementor-element-7108ddb3 e-flex e-con-boxed e-con e-parent\" data-id=\"7108ddb3\" data-element_type=\"container\" data-settings=\"{&quot;ekit_has_onepagescroll_dot&quot;:&quot;yes&quot;}\">\n\t\t\t\t\t<div class=\"e-con-inner\">\n\t\t\t\t<div class=\"elementor-element elementor-element-482b965a elementor-position-right elementor-vertical-align-middle elementor-widget elementor-widget-image-box\" data-id=\"482b965a\" data-element_type=\"widget\" data-settings=\"{&quot;ekit_we_effect_on&quot;:&quot;none&quot;}\" data-widget_type=\"image-box.default\">\n\t\t\t\t<div class=\"elementor-widget-container\">\n\t\t\t\t\t<div class=\"elementor-image-box-wrapper\"><figure class=\"elementor-image-box-img\"><img loading=\"lazy\" decoding=\"async\" width=\"1024\" height=\"1024\" src=\"https:\/\/rareecommerce.shop\/wp-content\/uploads\/2026\/04\/grok-image-5ad441a6-b0e5-44d3-a605-e36412aede80.jpg\" class=\"attachment-full size-full wp-image-13693 wvs-archive-product-image\" alt=\"\" srcset=\"https:\/\/rareecommerce.shop\/wp-content\/uploads\/2026\/04\/grok-image-5ad441a6-b0e5-44d3-a605-e36412aede80.jpg 1024w, https:\/\/rareecommerce.shop\/wp-content\/uploads\/2026\/04\/grok-image-5ad441a6-b0e5-44d3-a605-e36412aede80-300x300.jpg 300w, https:\/\/rareecommerce.shop\/wp-content\/uploads\/2026\/04\/grok-image-5ad441a6-b0e5-44d3-a605-e36412aede80-150x150.jpg 150w, https:\/\/rareecommerce.shop\/wp-content\/uploads\/2026\/04\/grok-image-5ad441a6-b0e5-44d3-a605-e36412aede80-768x768.jpg 768w, https:\/\/rareecommerce.shop\/wp-content\/uploads\/2026\/04\/grok-image-5ad441a6-b0e5-44d3-a605-e36412aede80-12x12.jpg 12w, https:\/\/rareecommerce.shop\/wp-content\/uploads\/2026\/04\/grok-image-5ad441a6-b0e5-44d3-a605-e36412aede80-600x600.jpg 600w, https:\/\/rareecommerce.shop\/wp-content\/uploads\/2026\/04\/grok-image-5ad441a6-b0e5-44d3-a605-e36412aede80-100x100.jpg 100w, https:\/\/rareecommerce.shop\/wp-content\/uploads\/2026\/04\/grok-image-5ad441a6-b0e5-44d3-a605-e36412aede80-50x50.jpg 50w, https:\/\/rareecommerce.shop\/wp-content\/uploads\/2026\/04\/grok-image-5ad441a6-b0e5-44d3-a605-e36412aede80-1x1.jpg 1w, https:\/\/rareecommerce.shop\/wp-content\/uploads\/2026\/04\/grok-image-5ad441a6-b0e5-44d3-a605-e36412aede80-10x10.jpg 10w\" sizes=\"auto, (max-width: 1024px) 100vw, 1024px\" \/><\/figure><div class=\"elementor-image-box-content\"><h3 class=\"elementor-image-box-title\">Dise\u00f1o de colegiala moderna \u2013 Entre lo dulce y lo atrevido<\/h3><p class=\"elementor-image-box-description\">El cl\u00e1sico estilo colegiala se renueva con un toque sexy. La combinaci\u00f3n de cuello estilo colegiala, lazo decorativo y silueta ajustada crea una imagen inocente pero provocadora. Ideal para quienes buscan un look \u00fanico.<\/p><\/div><\/div>\t\t\t\t<\/div>\n\t\t\t\t<\/div>\n\t\t\t\t<div class=\"elementor-element elementor-element-15d16897 elementor-position-left elementor-vertical-align-middle elementor-widget elementor-widget-image-box\" data-id=\"15d16897\" data-element_type=\"widget\" data-settings=\"{&quot;ekit_we_effect_on&quot;:&quot;none&quot;}\" data-widget_type=\"image-box.default\">\n\t\t\t\t<div class=\"elementor-widget-container\">\n\t\t\t\t\t<div class=\"elementor-image-box-wrapper\"><figure class=\"elementor-image-box-img\"><img loading=\"lazy\" decoding=\"async\" width=\"1024\" height=\"1024\" src=\"https:\/\/rareecommerce.shop\/wp-content\/uploads\/2026\/04\/grok-image-5a67498e-7c1f-44f2-80b2-e8c891121d6d.jpg\" class=\"attachment-full size-full wp-image-13694 wvs-archive-product-image\" alt=\"\" srcset=\"https:\/\/rareecommerce.shop\/wp-content\/uploads\/2026\/04\/grok-image-5a67498e-7c1f-44f2-80b2-e8c891121d6d.jpg 1024w, https:\/\/rareecommerce.shop\/wp-content\/uploads\/2026\/04\/grok-image-5a67498e-7c1f-44f2-80b2-e8c891121d6d-300x300.jpg 300w, https:\/\/rareecommerce.shop\/wp-content\/uploads\/2026\/04\/grok-image-5a67498e-7c1f-44f2-80b2-e8c891121d6d-150x150.jpg 150w, https:\/\/rareecommerce.shop\/wp-content\/uploads\/2026\/04\/grok-image-5a67498e-7c1f-44f2-80b2-e8c891121d6d-768x768.jpg 768w, https:\/\/rareecommerce.shop\/wp-content\/uploads\/2026\/04\/grok-image-5a67498e-7c1f-44f2-80b2-e8c891121d6d-12x12.jpg 12w, https:\/\/rareecommerce.shop\/wp-content\/uploads\/2026\/04\/grok-image-5a67498e-7c1f-44f2-80b2-e8c891121d6d-600x600.jpg 600w, https:\/\/rareecommerce.shop\/wp-content\/uploads\/2026\/04\/grok-image-5a67498e-7c1f-44f2-80b2-e8c891121d6d-100x100.jpg 100w, https:\/\/rareecommerce.shop\/wp-content\/uploads\/2026\/04\/grok-image-5a67498e-7c1f-44f2-80b2-e8c891121d6d-50x50.jpg 50w, https:\/\/rareecommerce.shop\/wp-content\/uploads\/2026\/04\/grok-image-5a67498e-7c1f-44f2-80b2-e8c891121d6d-1x1.jpg 1w, https:\/\/rareecommerce.shop\/wp-content\/uploads\/2026\/04\/grok-image-5a67498e-7c1f-44f2-80b2-e8c891121d6d-10x10.jpg 10w\" sizes=\"auto, (max-width: 1024px) 100vw, 1024px\" \/><\/figure><div class=\"elementor-image-box-content\"><h3 class=\"elementor-image-box-title\">Crop top ajustable \u2013 Se adapta a tu cuerpo, no al rev\u00e9s<\/h3><p class=\"elementor-image-box-description\">La parte superior cuenta con un sistema de ajuste (cordones, hebillas o bandas el\u00e1sticas seg\u00fan el modelo) que te permite modificar el largo y el ajuste. Puedes llevarlo m\u00e1s tapado o m\u00e1s atrevido seg\u00fan la ocasi\u00f3n.<\/p><\/div><\/div>\t\t\t\t<\/div>\n\t\t\t\t<\/div>\n\t\t\t\t<div class=\"elementor-element elementor-element-3f8c11c elementor-position-right elementor-vertical-align-middle elementor-widget elementor-widget-image-box\" data-id=\"3f8c11c\" data-element_type=\"widget\" data-settings=\"{&quot;ekit_we_effect_on&quot;:&quot;none&quot;}\" data-widget_type=\"image-box.default\">\n\t\t\t\t<div class=\"elementor-widget-container\">\n\t\t\t\t\t<div class=\"elementor-image-box-wrapper\"><figure class=\"elementor-image-box-img\"><img loading=\"lazy\" decoding=\"async\" width=\"1024\" height=\"1024\" src=\"https:\/\/rareecommerce.shop\/wp-content\/uploads\/2026\/04\/grok-image-5e011309-a715-4501-b0d9-cd02a69142b1-1.jpg\" class=\"attachment-full size-full wp-image-13695 wvs-archive-product-image\" alt=\"\" srcset=\"https:\/\/rareecommerce.shop\/wp-content\/uploads\/2026\/04\/grok-image-5e011309-a715-4501-b0d9-cd02a69142b1-1.jpg 1024w, https:\/\/rareecommerce.shop\/wp-content\/uploads\/2026\/04\/grok-image-5e011309-a715-4501-b0d9-cd02a69142b1-1-300x300.jpg 300w, https:\/\/rareecommerce.shop\/wp-content\/uploads\/2026\/04\/grok-image-5e011309-a715-4501-b0d9-cd02a69142b1-1-150x150.jpg 150w, https:\/\/rareecommerce.shop\/wp-content\/uploads\/2026\/04\/grok-image-5e011309-a715-4501-b0d9-cd02a69142b1-1-768x768.jpg 768w, https:\/\/rareecommerce.shop\/wp-content\/uploads\/2026\/04\/grok-image-5e011309-a715-4501-b0d9-cd02a69142b1-1-12x12.jpg 12w, https:\/\/rareecommerce.shop\/wp-content\/uploads\/2026\/04\/grok-image-5e011309-a715-4501-b0d9-cd02a69142b1-1-600x600.jpg 600w, https:\/\/rareecommerce.shop\/wp-content\/uploads\/2026\/04\/grok-image-5e011309-a715-4501-b0d9-cd02a69142b1-1-100x100.jpg 100w, https:\/\/rareecommerce.shop\/wp-content\/uploads\/2026\/04\/grok-image-5e011309-a715-4501-b0d9-cd02a69142b1-1-50x50.jpg 50w, https:\/\/rareecommerce.shop\/wp-content\/uploads\/2026\/04\/grok-image-5e011309-a715-4501-b0d9-cd02a69142b1-1-1x1.jpg 1w, https:\/\/rareecommerce.shop\/wp-content\/uploads\/2026\/04\/grok-image-5e011309-a715-4501-b0d9-cd02a69142b1-1-10x10.jpg 10w\" sizes=\"auto, (max-width: 1024px) 100vw, 1024px\" \/><\/figure><div class=\"elementor-image-box-content\"><h3 class=\"elementor-image-box-title\">Falda corta que realza las piernas \u2013 El largo justo para alargar la silueta<\/h3><p class=\"elementor-image-box-description\">La falda termina estrat\u00e9gicamente en la parte media-alta del muslo, creando un efecto visual que estiliza las piernas. No es demasiado corta para resultar inc\u00f3moda, pero s\u00ed lo suficiente para ser sugerente.<\/p><\/div><\/div>\t\t\t\t<\/div>\n\t\t\t\t<\/div>\n\t\t\t\t\t<\/div>\n\t\t\t\t<\/div>\n\t\t<div class=\"elementor-element elementor-element-527b0649 e-flex e-con-boxed e-con e-parent\" data-id=\"527b0649\" data-element_type=\"container\" data-settings=\"{&quot;ekit_has_onepagescroll_dot&quot;:&quot;yes&quot;}\">\n\t\t\t\t\t<div class=\"e-con-inner\">\n\t\t\t\t<div class=\"elementor-element elementor-element-220c1c3f elementor-widget elementor-widget-heading\" data-id=\"220c1c3f\" data-element_type=\"widget\" data-settings=\"{&quot;ekit_we_effect_on&quot;:&quot;none&quot;}\" data-widget_type=\"heading.default\">\n\t\t\t\t<div class=\"elementor-widget-container\">\n\t\t\t\t\t<h2 class=\"elementor-heading-title elementor-size-default\">Tejido suave y el\u00e1stico \u2013 Sexy s\u00ed, inc\u00f3modo no<\/h2>\t\t\t\t<\/div>\n\t\t\t\t<\/div>\n\t\t\t\t<div class=\"elementor-element elementor-element-1e160e02 elementor-widget elementor-widget-text-editor\" data-id=\"1e160e02\" data-element_type=\"widget\" data-settings=\"{&quot;ekit_we_effect_on&quot;:&quot;none&quot;}\" data-widget_type=\"text-editor.default\">\n\t\t\t\t<div class=\"elementor-widget-container\">\n\t\t\t\t\t\t\t\t\t<ul><li><p class=\"ds-markdown-paragraph\">El material (poli\u00e9ster, spandex o nailon de alta calidad) es suave al tacto, con buena elasticidad y transpirabilidad. No pica, no aprieta y se adapta a tus movimientos.<\/p><\/li><\/ul>\t\t\t\t\t\t\t\t<\/div>\n\t\t\t\t<\/div>\n\t\t\t\t<div class=\"elementor-element elementor-element-54f7e720 elementor-widget elementor-widget-heading\" data-id=\"54f7e720\" data-element_type=\"widget\" data-settings=\"{&quot;ekit_we_effect_on&quot;:&quot;none&quot;}\" data-widget_type=\"heading.default\">\n\t\t\t\t<div class=\"elementor-widget-container\">\n\t\t\t\t\t<h2 class=\"elementor-heading-title elementor-size-default\">Consejo de talla<\/h2>\t\t\t\t<\/div>\n\t\t\t\t<\/div>\n\t\t\t\t<div class=\"elementor-element elementor-element-1d4c2e01 elementor-widget elementor-widget-text-editor\" data-id=\"1d4c2e01\" data-element_type=\"widget\" data-settings=\"{&quot;ekit_we_effect_on&quot;:&quot;none&quot;}\" data-widget_type=\"text-editor.default\">\n\t\t\t\t<div class=\"elementor-widget-container\">\n\t\t\t\t\t\t\t\t\t<p><em>El conjunto es el\u00e1stico y se adapta a distintas tallas. Revisa la tabla de tallas del producto. Si est\u00e1s entre dos tallas, recomendamos la m\u00e1s grande para mayor comodidad.<\/em><\/p>\t\t\t\t\t\t\t\t<\/div>\n\t\t\t\t<\/div>\n\t\t\t\t\t<\/div>\n\t\t\t\t<\/div>\n\t\t\t\t<\/div>","protected":false},"excerpt":{"rendered":"<p><em>\u00bfCosplay, noche de fantas\u00eda o un look atrevido? El conjunto de colegiala sexy de Ugreat lo tiene todo: top ajustable, falda sexy, tanga a juego y un lazo s\u00faper cute. Perfecto para dos piezas combinables que no pasan desapercibidas.<\/em><\/p>","protected":false},"featured_media":13677,"comment_status":"open","ping_status":"closed","template":"","meta":{"_acf_changed":false},"etheme_brands":[],"product_brand":[],"product_cat":[118],"product_tag":[],"class_list":{"0":"post-13661","1":"product","2":"type-product","3":"status-publish","4":"has-post-thumbnail","6":"product_cat-sale-shop","8":"first","9":"instock","10":"sale","11":"shipping-taxable","12":"purchasable","13":"product-type-variable","14":"has-default-attributes","15":"wvs-archive-product-wrapper"},"acf":[],"_links":{"self":[{"href":"https:\/\/rareecommerce.shop\/da\/wp-json\/wp\/v2\/product\/13661","targetHints":{"allow":["GET"]}}],"collection":[{"href":"https:\/\/rareecommerce.shop\/da\/wp-json\/wp\/v2\/product"}],"about":[{"href":"https:\/\/rareecommerce.shop\/da\/wp-json\/wp\/v2\/types\/product"}],"replies":[{"embeddable":true,"href":"https:\/\/rareecommerce.shop\/da\/wp-json\/wp\/v2\/comments?post=13661"}],"version-history":[{"count":4,"href":"https:\/\/rareecommerce.shop\/da\/wp-json\/wp\/v2\/product\/13661\/revisions"}],"predecessor-version":[{"id":13703,"href":"https:\/\/rareecommerce.shop\/da\/wp-json\/wp\/v2\/product\/13661\/revisions\/13703"}],"wp:featuredmedia":[{"embeddable":true,"href":"https:\/\/rareecommerce.shop\/da\/wp-json\/wp\/v2\/media\/13677"}],"wp:attachment":[{"href":"https:\/\/rareecommerce.shop\/da\/wp-json\/wp\/v2\/media?parent=13661"}],"wp:term":[{"taxonomy":"brand","embeddable":true,"href":"https:\/\/rareecommerce.shop\/da\/wp-json\/wp\/v2\/etheme_brands?post=13661"},{"taxonomy":"product_brand","embeddable":true,"href":"https:\/\/rareecommerce.shop\/da\/wp-json\/wp\/v2\/product_brand?post=13661"},{"taxonomy":"product_cat","embeddable":true,"href":"https:\/\/rareecommerce.shop\/da\/wp-json\/wp\/v2\/product_cat?post=13661"},{"taxonomy":"product_tag","embeddable":true,"href":"https:\/\/rareecommerce.shop\/da\/wp-json\/wp\/v2\/product_tag?post=13661"}],"curies":[{"name":"wp","href":"https:\/\/api.w.org\/{rel}","templated":true}]}}