{"id":13477,"date":"2026-04-06T04:10:45","date_gmt":"2026-04-06T04:10:45","guid":{"rendered":"https:\/\/rareecommerce.shop\/?post_type=product&#038;p=13477"},"modified":"2026-04-06T04:22:03","modified_gmt":"2026-04-06T04:22:03","slug":"good-morning-crema-de-arroz-conguitos-1000g","status":"publish","type":"product","link":"https:\/\/rareecommerce.shop\/es\/producto\/good-morning-crema-de-arroz-conguitos-1000g\/","title":{"rendered":"BUENOS D\u00cdAS Crema de Arroz CONGUITOS [1000g]"},"content":{"rendered":"<div data-elementor-type=\"product-post\" data-elementor-id=\"13477\" class=\"elementor elementor-13477\" data-elementor-post-type=\"product\">\n\t\t\t\t<div class=\"elementor-element elementor-element-31cd6c83 e-flex e-con-boxed e-con e-parent\" data-id=\"31cd6c83\" data-element_type=\"container\" data-settings=\"{&quot;ekit_has_onepagescroll_dot&quot;:&quot;yes&quot;}\">\n\t\t\t\t\t<div class=\"e-con-inner\">\n\t\t<div class=\"elementor-element elementor-element-4055e0a2 e-grid e-con-full e-con e-child\" data-id=\"4055e0a2\" data-element_type=\"container\" data-settings=\"{&quot;ekit_has_onepagescroll_dot&quot;:&quot;yes&quot;}\">\n\t\t\t\t<div class=\"elementor-element elementor-element-1f829f22 elementor-widget elementor-widget-image\" data-id=\"1f829f22\" data-element_type=\"widget\" data-settings=\"{&quot;ekit_we_effect_on&quot;:&quot;none&quot;}\" data-widget_type=\"image.default\">\n\t\t\t\t<div class=\"elementor-widget-container\">\n\t\t\t\t\t\t\t\t\t\t\t\t\t\t\t<img loading=\"lazy\" decoding=\"async\" width=\"625\" height=\"800\" src=\"https:\/\/rareecommerce.shop\/wp-content\/uploads\/2026\/04\/1-39.jpg\" class=\"attachment-large size-large wp-image-13497 wvs-archive-product-image\" alt=\"\" srcset=\"https:\/\/rareecommerce.shop\/wp-content\/uploads\/2026\/04\/1-39.jpg 625w, https:\/\/rareecommerce.shop\/wp-content\/uploads\/2026\/04\/1-39-234x300.jpg 234w, https:\/\/rareecommerce.shop\/wp-content\/uploads\/2026\/04\/1-39-9x12.jpg 9w, https:\/\/rareecommerce.shop\/wp-content\/uploads\/2026\/04\/1-39-600x768.jpg 600w, https:\/\/rareecommerce.shop\/wp-content\/uploads\/2026\/04\/1-39-1x1.jpg 1w, https:\/\/rareecommerce.shop\/wp-content\/uploads\/2026\/04\/1-39-8x10.jpg 8w\" sizes=\"auto, (max-width: 625px) 100vw, 625px\" \/>\t\t\t\t\t\t\t\t\t\t\t\t\t\t\t<\/div>\n\t\t\t\t<\/div>\n\t\t\t\t<div class=\"elementor-element elementor-element-dee7fc5 elementor-widget elementor-widget-image\" data-id=\"dee7fc5\" data-element_type=\"widget\" data-settings=\"{&quot;ekit_we_effect_on&quot;:&quot;none&quot;}\" data-widget_type=\"image.default\">\n\t\t\t\t<div class=\"elementor-widget-container\">\n\t\t\t\t\t\t\t\t\t\t\t\t\t\t\t<img loading=\"lazy\" decoding=\"async\" width=\"801\" height=\"1024\" src=\"https:\/\/rareecommerce.shop\/wp-content\/uploads\/2026\/04\/81qYcTfo3lL._AC_SL1500_-2-801x1024.jpg\" class=\"attachment-large size-large wp-image-13498 wvs-archive-product-image\" alt=\"\" srcset=\"https:\/\/rareecommerce.shop\/wp-content\/uploads\/2026\/04\/81qYcTfo3lL._AC_SL1500_-2-801x1024.jpg 801w, https:\/\/rareecommerce.shop\/wp-content\/uploads\/2026\/04\/81qYcTfo3lL._AC_SL1500_-2-235x300.jpg 235w, https:\/\/rareecommerce.shop\/wp-content\/uploads\/2026\/04\/81qYcTfo3lL._AC_SL1500_-2-768x981.jpg 768w, https:\/\/rareecommerce.shop\/wp-content\/uploads\/2026\/04\/81qYcTfo3lL._AC_SL1500_-2-9x12.jpg 9w, https:\/\/rareecommerce.shop\/wp-content\/uploads\/2026\/04\/81qYcTfo3lL._AC_SL1500_-2-600x767.jpg 600w, https:\/\/rareecommerce.shop\/wp-content\/uploads\/2026\/04\/81qYcTfo3lL._AC_SL1500_-2-1x1.jpg 1w, https:\/\/rareecommerce.shop\/wp-content\/uploads\/2026\/04\/81qYcTfo3lL._AC_SL1500_-2-8x10.jpg 8w, https:\/\/rareecommerce.shop\/wp-content\/uploads\/2026\/04\/81qYcTfo3lL._AC_SL1500_-2.jpg 1174w\" sizes=\"auto, (max-width: 801px) 100vw, 801px\" \/>\t\t\t\t\t\t\t\t\t\t\t\t\t\t\t<\/div>\n\t\t\t\t<\/div>\n\t\t\t\t<div class=\"elementor-element elementor-element-25716bcb elementor-widget elementor-widget-image\" data-id=\"25716bcb\" data-element_type=\"widget\" data-settings=\"{&quot;ekit_we_effect_on&quot;:&quot;none&quot;}\" data-widget_type=\"image.default\">\n\t\t\t\t<div class=\"elementor-widget-container\">\n\t\t\t\t\t\t\t\t\t\t\t\t\t\t\t<img loading=\"lazy\" decoding=\"async\" width=\"800\" height=\"1024\" src=\"https:\/\/rareecommerce.shop\/wp-content\/uploads\/2026\/04\/81tQdiSZeL._AC_SL1500_-2-800x1024.jpg\" class=\"attachment-large size-large wp-image-13499 wvs-archive-product-image\" alt=\"\" srcset=\"https:\/\/rareecommerce.shop\/wp-content\/uploads\/2026\/04\/81tQdiSZeL._AC_SL1500_-2-800x1024.jpg 800w, https:\/\/rareecommerce.shop\/wp-content\/uploads\/2026\/04\/81tQdiSZeL._AC_SL1500_-2-234x300.jpg 234w, https:\/\/rareecommerce.shop\/wp-content\/uploads\/2026\/04\/81tQdiSZeL._AC_SL1500_-2-768x983.jpg 768w, https:\/\/rareecommerce.shop\/wp-content\/uploads\/2026\/04\/81tQdiSZeL._AC_SL1500_-2-9x12.jpg 9w, https:\/\/rareecommerce.shop\/wp-content\/uploads\/2026\/04\/81tQdiSZeL._AC_SL1500_-2-600x768.jpg 600w, https:\/\/rareecommerce.shop\/wp-content\/uploads\/2026\/04\/81tQdiSZeL._AC_SL1500_-2-1x1.jpg 1w, https:\/\/rareecommerce.shop\/wp-content\/uploads\/2026\/04\/81tQdiSZeL._AC_SL1500_-2-8x10.jpg 8w, https:\/\/rareecommerce.shop\/wp-content\/uploads\/2026\/04\/81tQdiSZeL._AC_SL1500_-2.jpg 1172w\" sizes=\"auto, (max-width: 800px) 100vw, 800px\" \/>\t\t\t\t\t\t\t\t\t\t\t\t\t\t\t<\/div>\n\t\t\t\t<\/div>\n\t\t\t\t<div class=\"elementor-element elementor-element-3159c9c8 elementor-widget elementor-widget-image\" data-id=\"3159c9c8\" data-element_type=\"widget\" data-settings=\"{&quot;ekit_we_effect_on&quot;:&quot;none&quot;}\" data-widget_type=\"image.default\">\n\t\t\t\t<div class=\"elementor-widget-container\">\n\t\t\t\t\t\t\t\t\t\t\t\t\t\t\t<img loading=\"lazy\" decoding=\"async\" width=\"800\" height=\"1024\" src=\"https:\/\/rareecommerce.shop\/wp-content\/uploads\/2026\/04\/81ECpvlpiL._AC_SL1500_-2-800x1024.jpg\" class=\"attachment-large size-large wp-image-13500 wvs-archive-product-image\" alt=\"\" srcset=\"https:\/\/rareecommerce.shop\/wp-content\/uploads\/2026\/04\/81ECpvlpiL._AC_SL1500_-2-800x1024.jpg 800w, https:\/\/rareecommerce.shop\/wp-content\/uploads\/2026\/04\/81ECpvlpiL._AC_SL1500_-2-234x300.jpg 234w, https:\/\/rareecommerce.shop\/wp-content\/uploads\/2026\/04\/81ECpvlpiL._AC_SL1500_-2-768x983.jpg 768w, https:\/\/rareecommerce.shop\/wp-content\/uploads\/2026\/04\/81ECpvlpiL._AC_SL1500_-2-9x12.jpg 9w, https:\/\/rareecommerce.shop\/wp-content\/uploads\/2026\/04\/81ECpvlpiL._AC_SL1500_-2-600x768.jpg 600w, https:\/\/rareecommerce.shop\/wp-content\/uploads\/2026\/04\/81ECpvlpiL._AC_SL1500_-2-1x1.jpg 1w, https:\/\/rareecommerce.shop\/wp-content\/uploads\/2026\/04\/81ECpvlpiL._AC_SL1500_-2-8x10.jpg 8w, https:\/\/rareecommerce.shop\/wp-content\/uploads\/2026\/04\/81ECpvlpiL._AC_SL1500_-2.jpg 1172w\" sizes=\"auto, (max-width: 800px) 100vw, 800px\" \/>\t\t\t\t\t\t\t\t\t\t\t\t\t\t\t<\/div>\n\t\t\t\t<\/div>\n\t\t\t\t<div class=\"elementor-element elementor-element-407920e9 elementor-widget elementor-widget-image\" data-id=\"407920e9\" data-element_type=\"widget\" data-settings=\"{&quot;ekit_we_effect_on&quot;:&quot;none&quot;}\" data-widget_type=\"image.default\">\n\t\t\t\t<div class=\"elementor-widget-container\">\n\t\t\t\t\t\t\t\t\t\t\t\t\t\t\t<img loading=\"lazy\" decoding=\"async\" width=\"800\" height=\"1024\" src=\"https:\/\/rareecommerce.shop\/wp-content\/uploads\/2026\/04\/81Hw3sV-vjL._AC_SL1500_-2-800x1024.jpg\" class=\"attachment-large size-large wp-image-13501 wvs-archive-product-image\" alt=\"\" srcset=\"https:\/\/rareecommerce.shop\/wp-content\/uploads\/2026\/04\/81Hw3sV-vjL._AC_SL1500_-2-800x1024.jpg 800w, https:\/\/rareecommerce.shop\/wp-content\/uploads\/2026\/04\/81Hw3sV-vjL._AC_SL1500_-2-234x300.jpg 234w, https:\/\/rareecommerce.shop\/wp-content\/uploads\/2026\/04\/81Hw3sV-vjL._AC_SL1500_-2-768x983.jpg 768w, https:\/\/rareecommerce.shop\/wp-content\/uploads\/2026\/04\/81Hw3sV-vjL._AC_SL1500_-2-9x12.jpg 9w, https:\/\/rareecommerce.shop\/wp-content\/uploads\/2026\/04\/81Hw3sV-vjL._AC_SL1500_-2-600x768.jpg 600w, https:\/\/rareecommerce.shop\/wp-content\/uploads\/2026\/04\/81Hw3sV-vjL._AC_SL1500_-2-1x1.jpg 1w, https:\/\/rareecommerce.shop\/wp-content\/uploads\/2026\/04\/81Hw3sV-vjL._AC_SL1500_-2-8x10.jpg 8w, https:\/\/rareecommerce.shop\/wp-content\/uploads\/2026\/04\/81Hw3sV-vjL._AC_SL1500_-2.jpg 1172w\" sizes=\"auto, (max-width: 800px) 100vw, 800px\" \/>\t\t\t\t\t\t\t\t\t\t\t\t\t\t\t<\/div>\n\t\t\t\t<\/div>\n\t\t\t\t<div class=\"elementor-element elementor-element-42e6e186 elementor-widget elementor-widget-image\" data-id=\"42e6e186\" data-element_type=\"widget\" data-settings=\"{&quot;ekit_we_effect_on&quot;:&quot;none&quot;}\" data-widget_type=\"image.default\">\n\t\t\t\t<div class=\"elementor-widget-container\">\n\t\t\t\t\t\t\t\t\t\t\t\t\t\t\t<img loading=\"lazy\" decoding=\"async\" width=\"796\" height=\"1024\" src=\"https:\/\/rareecommerce.shop\/wp-content\/uploads\/2026\/04\/8198O5nPHbL._AC_SL1500_-2-796x1024.jpg\" class=\"attachment-large size-large wp-image-13502 wvs-archive-product-image\" alt=\"\" srcset=\"https:\/\/rareecommerce.shop\/wp-content\/uploads\/2026\/04\/8198O5nPHbL._AC_SL1500_-2-796x1024.jpg 796w, https:\/\/rareecommerce.shop\/wp-content\/uploads\/2026\/04\/8198O5nPHbL._AC_SL1500_-2-233x300.jpg 233w, https:\/\/rareecommerce.shop\/wp-content\/uploads\/2026\/04\/8198O5nPHbL._AC_SL1500_-2-768x988.jpg 768w, https:\/\/rareecommerce.shop\/wp-content\/uploads\/2026\/04\/8198O5nPHbL._AC_SL1500_-2-9x12.jpg 9w, https:\/\/rareecommerce.shop\/wp-content\/uploads\/2026\/04\/8198O5nPHbL._AC_SL1500_-2-600x772.jpg 600w, https:\/\/rareecommerce.shop\/wp-content\/uploads\/2026\/04\/8198O5nPHbL._AC_SL1500_-2-1x1.jpg 1w, https:\/\/rareecommerce.shop\/wp-content\/uploads\/2026\/04\/8198O5nPHbL._AC_SL1500_-2-8x10.jpg 8w, https:\/\/rareecommerce.shop\/wp-content\/uploads\/2026\/04\/8198O5nPHbL._AC_SL1500_-2.jpg 1166w\" sizes=\"auto, (max-width: 796px) 100vw, 796px\" \/>\t\t\t\t\t\t\t\t\t\t\t\t\t\t\t<\/div>\n\t\t\t\t<\/div>\n\t\t\t\t<div class=\"elementor-element elementor-element-26a41915 elementor-widget elementor-widget-image\" data-id=\"26a41915\" data-element_type=\"widget\" data-settings=\"{&quot;ekit_we_effect_on&quot;:&quot;none&quot;}\" data-widget_type=\"image.default\">\n\t\t\t\t<div class=\"elementor-widget-container\">\n\t\t\t\t\t\t\t\t\t\t\t\t\t\t\t<img loading=\"lazy\" decoding=\"async\" width=\"1422\" height=\"1422\" src=\"https:\/\/rareecommerce.shop\/wp-content\/uploads\/2026\/04\/71mznxEoXqL._AC_SL1500_.jpg\" class=\"attachment-full size-full wp-image-13503 wvs-archive-product-image\" alt=\"\" srcset=\"https:\/\/rareecommerce.shop\/wp-content\/uploads\/2026\/04\/71mznxEoXqL._AC_SL1500_.jpg 1422w, https:\/\/rareecommerce.shop\/wp-content\/uploads\/2026\/04\/71mznxEoXqL._AC_SL1500_-300x300.jpg 300w, https:\/\/rareecommerce.shop\/wp-content\/uploads\/2026\/04\/71mznxEoXqL._AC_SL1500_-1024x1024.jpg 1024w, https:\/\/rareecommerce.shop\/wp-content\/uploads\/2026\/04\/71mznxEoXqL._AC_SL1500_-150x150.jpg 150w, https:\/\/rareecommerce.shop\/wp-content\/uploads\/2026\/04\/71mznxEoXqL._AC_SL1500_-768x768.jpg 768w, https:\/\/rareecommerce.shop\/wp-content\/uploads\/2026\/04\/71mznxEoXqL._AC_SL1500_-12x12.jpg 12w, https:\/\/rareecommerce.shop\/wp-content\/uploads\/2026\/04\/71mznxEoXqL._AC_SL1500_-600x600.jpg 600w, https:\/\/rareecommerce.shop\/wp-content\/uploads\/2026\/04\/71mznxEoXqL._AC_SL1500_-100x100.jpg 100w, https:\/\/rareecommerce.shop\/wp-content\/uploads\/2026\/04\/71mznxEoXqL._AC_SL1500_-50x50.jpg 50w, https:\/\/rareecommerce.shop\/wp-content\/uploads\/2026\/04\/71mznxEoXqL._AC_SL1500_-1x1.jpg 1w, https:\/\/rareecommerce.shop\/wp-content\/uploads\/2026\/04\/71mznxEoXqL._AC_SL1500_-10x10.jpg 10w\" sizes=\"auto, (max-width: 1422px) 100vw, 1422px\" \/>\t\t\t\t\t\t\t\t\t\t\t\t\t\t\t<\/div>\n\t\t\t\t<\/div>\n\t\t\t\t<div class=\"elementor-element elementor-element-23ff9f99 elementor-widget elementor-widget-image\" data-id=\"23ff9f99\" data-element_type=\"widget\" data-settings=\"{&quot;ekit_we_effect_on&quot;:&quot;none&quot;}\" data-widget_type=\"image.default\">\n\t\t\t\t<div class=\"elementor-widget-container\">\n\t\t\t\t\t\t\t\t\t\t\t\t\t\t\t<img loading=\"lazy\" decoding=\"async\" width=\"1024\" height=\"1024\" src=\"https:\/\/rareecommerce.shop\/wp-content\/uploads\/2026\/04\/71tx0sAfgsL._AC_SL1500_-1024x1024.jpg\" class=\"attachment-large size-large wp-image-13504 wvs-archive-product-image\" alt=\"\" srcset=\"https:\/\/rareecommerce.shop\/wp-content\/uploads\/2026\/04\/71tx0sAfgsL._AC_SL1500_-1024x1024.jpg 1024w, https:\/\/rareecommerce.shop\/wp-content\/uploads\/2026\/04\/71tx0sAfgsL._AC_SL1500_-300x300.jpg 300w, https:\/\/rareecommerce.shop\/wp-content\/uploads\/2026\/04\/71tx0sAfgsL._AC_SL1500_-150x150.jpg 150w, https:\/\/rareecommerce.shop\/wp-content\/uploads\/2026\/04\/71tx0sAfgsL._AC_SL1500_-768x768.jpg 768w, https:\/\/rareecommerce.shop\/wp-content\/uploads\/2026\/04\/71tx0sAfgsL._AC_SL1500_-12x12.jpg 12w, https:\/\/rareecommerce.shop\/wp-content\/uploads\/2026\/04\/71tx0sAfgsL._AC_SL1500_-600x600.jpg 600w, https:\/\/rareecommerce.shop\/wp-content\/uploads\/2026\/04\/71tx0sAfgsL._AC_SL1500_-100x100.jpg 100w, https:\/\/rareecommerce.shop\/wp-content\/uploads\/2026\/04\/71tx0sAfgsL._AC_SL1500_-50x50.jpg 50w, https:\/\/rareecommerce.shop\/wp-content\/uploads\/2026\/04\/71tx0sAfgsL._AC_SL1500_-1x1.jpg 1w, https:\/\/rareecommerce.shop\/wp-content\/uploads\/2026\/04\/71tx0sAfgsL._AC_SL1500_-10x10.jpg 10w, https:\/\/rareecommerce.shop\/wp-content\/uploads\/2026\/04\/71tx0sAfgsL._AC_SL1500_.jpg 1422w\" sizes=\"auto, (max-width: 1024px) 100vw, 1024px\" \/>\t\t\t\t\t\t\t\t\t\t\t\t\t\t\t<\/div>\n\t\t\t\t<\/div>\n\t\t\t\t<div class=\"elementor-element elementor-element-5e33a1e7 elementor-widget elementor-widget-image\" data-id=\"5e33a1e7\" data-element_type=\"widget\" data-settings=\"{&quot;ekit_we_effect_on&quot;:&quot;none&quot;}\" data-widget_type=\"image.default\">\n\t\t\t\t<div class=\"elementor-widget-container\">\n\t\t\t\t\t\t\t\t\t\t\t\t\t\t\t<img loading=\"lazy\" decoding=\"async\" width=\"1024\" height=\"1024\" src=\"https:\/\/rareecommerce.shop\/wp-content\/uploads\/2026\/04\/81YDZYll2zL._AC_SL1500_-1024x1024.jpg\" class=\"attachment-large size-large wp-image-13505 wvs-archive-product-image\" alt=\"\" srcset=\"https:\/\/rareecommerce.shop\/wp-content\/uploads\/2026\/04\/81YDZYll2zL._AC_SL1500_-1024x1024.jpg 1024w, https:\/\/rareecommerce.shop\/wp-content\/uploads\/2026\/04\/81YDZYll2zL._AC_SL1500_-300x300.jpg 300w, https:\/\/rareecommerce.shop\/wp-content\/uploads\/2026\/04\/81YDZYll2zL._AC_SL1500_-150x150.jpg 150w, https:\/\/rareecommerce.shop\/wp-content\/uploads\/2026\/04\/81YDZYll2zL._AC_SL1500_-768x769.jpg 768w, https:\/\/rareecommerce.shop\/wp-content\/uploads\/2026\/04\/81YDZYll2zL._AC_SL1500_-12x12.jpg 12w, https:\/\/rareecommerce.shop\/wp-content\/uploads\/2026\/04\/81YDZYll2zL._AC_SL1500_-600x601.jpg 600w, https:\/\/rareecommerce.shop\/wp-content\/uploads\/2026\/04\/81YDZYll2zL._AC_SL1500_-100x100.jpg 100w, https:\/\/rareecommerce.shop\/wp-content\/uploads\/2026\/04\/81YDZYll2zL._AC_SL1500_-50x50.jpg 50w, https:\/\/rareecommerce.shop\/wp-content\/uploads\/2026\/04\/81YDZYll2zL._AC_SL1500_-1x1.jpg 1w, https:\/\/rareecommerce.shop\/wp-content\/uploads\/2026\/04\/81YDZYll2zL._AC_SL1500_-10x10.jpg 10w, https:\/\/rareecommerce.shop\/wp-content\/uploads\/2026\/04\/81YDZYll2zL._AC_SL1500_.jpg 1423w\" sizes=\"auto, (max-width: 1024px) 100vw, 1024px\" \/>\t\t\t\t\t\t\t\t\t\t\t\t\t\t\t<\/div>\n\t\t\t\t<\/div>\n\t\t\t\t<\/div>\n\t\t\t\t\t<\/div>\n\t\t\t\t<\/div>\n\t\t<div class=\"elementor-element elementor-element-18c7e20b e-flex e-con-boxed e-con e-parent\" data-id=\"18c7e20b\" data-element_type=\"container\" data-settings=\"{&quot;ekit_has_onepagescroll_dot&quot;:&quot;yes&quot;}\">\n\t\t\t\t\t<div class=\"e-con-inner\">\n\t\t\t\t<div class=\"elementor-element elementor-element-1379f8a1 elementor-widget elementor-widget-text-editor\" data-id=\"1379f8a1\" data-element_type=\"widget\" data-settings=\"{&quot;ekit_we_effect_on&quot;:&quot;none&quot;}\" data-widget_type=\"text-editor.default\">\n\t\t\t\t<div class=\"elementor-widget-container\">\n\t\t\t\t\t\t\t\t\t<h3>1. \ud83c\udf5a Cremoso y delicioso comienzo del d\u00eda<\/h3><div>\u00a0<\/div><div>La Crema de Arroz con Conguitos GOOD MORNING ofrece una textura suave y cremosa con el cl\u00e1sico sabor dulce de los Conguitos. Este envase familiar de 1000 g es perfecto para un desayuno o tentempi\u00e9 suave y saciante que sabe muy bien y te mantiene saciado.<\/div><div>\u00a0<\/div><h3>2. \u2b50 Sabor Conguitos Amado<\/h3><div>\u00a0<\/div><div>Disfrute del ic\u00f3nico y querido sabor de Conguitos mezclado en suave crema de arroz. Cada cucharada aporta un sabor dulce y reconfortante que gustar\u00e1 tanto a ni\u00f1os como a mayores. Es una delicia nost\u00e1lgica hecha para el disfrute diario.<\/div><div>\u00a0<\/div><h3>3. \ud83e\udd63 Pr\u00e1ctico paquete familiar de 1000 g<\/h3><div>\u00a0<\/div><div>Este gran paquete de 1000 g es ideal para familias, ma\u00f1anas ajetreadas o tentempi\u00e9s r\u00e1pidos. F\u00e1cil de preparar y disfrutar en cualquier momento, le ahorra tiempo a la vez que le ofrece una opci\u00f3n deliciosa y reconfortante para el desayuno, el postre o un tentempi\u00e9 a mediod\u00eda.<\/div><div>\u00a0<\/div><h3>4. \ud83c\udf1e Suave y delicado con el est\u00f3mago<\/h3><div>\u00a0<\/div><div>Elaborada con suave crema de arroz y dulces Conguitos, esta golosina es ligera, suave y delicada para disfrutarla en cualquier momento del d\u00eda. Ya sea para el desayuno, la merienda o un peque\u00f1o postre, ofrece un sabor consistente y comodidad en cada bocado.<\/div>\t\t\t\t\t\t\t\t<\/div>\n\t\t\t\t<\/div>\n\t\t\t\t<div class=\"elementor-element elementor-element-f7f4ef3 elementor-widget elementor-widget-text-editor\" data-id=\"f7f4ef3\" data-element_type=\"widget\" data-settings=\"{&quot;ekit_we_effect_on&quot;:&quot;none&quot;}\" data-widget_type=\"text-editor.default\">\n\t\t\t\t<div class=\"elementor-widget-container\">\n\t\t\t\t\t\t\t\t\t<!DOCTYPE html>\n<html lang=\"en\">\n<head>\n<meta charset=\"UTF-8\">\n<meta name=\"viewport\" content=\"width=device-width, initial-scale=1.0\">\n<title>Product Details<\/title>\n<style>\n  * {\n    margin: 0;\n    padding: 0;\n    box-sizing: border-box;\n  }\n  body {\n    background: transparent;\n    font-family: 'Inter', 'Segoe UI', system-ui, sans-serif;\n  }\n  .spec-table {\n    width: 100%;\n    border-collapse: collapse;\n    font-size: 14px;\n    line-height: 1.8;\n  }\n  .spec-table tr {\n    border-bottom: 1px solid #e6eef7;\n  }\n  .spec-table td:nth-child(1),\n  .spec-table td:nth-child(3) {\n    width: 20%;\n    font-weight: 500;\n    color: #2d70b3;\n    background: #f5f9ff;\n    padding: 14px 16px;\n    text-align: left;\n    vertical-align: top;\n  }\n  .spec-table td:nth-child(2),\n  .spec-table td:nth-child(4) {\n    width: 30%;\n    color: #333;\n    background: #fff;\n    padding: 14px 16px;\n    text-align: left;\n    vertical-align: top;\n  }\n<\/style>\n<\/head>\n<body>\n\n<table class=\"spec-table\">\n  <tr>\n    <td>Marca<\/td>\n    <td>BUENOS D\u00cdAS<\/td>\n    <td>Peso<\/td>\n    <td>1000g<\/td>\n  <\/tr>\n  <tr>\n    <td>Tipo<\/td>\n    <td>Postre \/ Crema de desayuno<\/td>\n    <td>Textura<\/td>\n    <td>Cremoso<\/td>\n  <\/tr>\n  <tr>\n    <td>Utilizaci\u00f3n<\/td>\n    <td>Desayuno y merienda<\/td>\n    <td>Paquete<\/td>\n    <td>Cubo \/ Tina<\/td>\n  <\/tr>\n<\/table>\n\n<\/body>\n<\/html>\t\t\t\t\t\t\t\t<\/div>\n\t\t\t\t<\/div>\n\t\t\t\t\t<\/div>\n\t\t\t\t<\/div>\n\t\t\t\t<\/div>","protected":false},"excerpt":{"rendered":"<p>1. \ud83c\udf5a Creamy &amp; Delicious Start to Your Day \u00a0GOOD MORNING Rice Cream with Conguitos offers a smooth, creamy texture&#8230;<\/p>","protected":false},"featured_media":13484,"comment_status":"open","ping_status":"closed","template":"","meta":{"_acf_changed":false},"etheme_brands":[],"product_brand":[],"product_cat":[118],"product_tag":[],"class_list":{"0":"post-13477","1":"product","2":"type-product","3":"status-publish","4":"has-post-thumbnail","6":"product_cat-sale-shop","8":"first","9":"instock","10":"sale","11":"shipping-taxable","12":"purchasable","13":"product-type-variable","14":"has-default-attributes","15":"wvs-archive-product-wrapper"},"acf":[],"_links":{"self":[{"href":"https:\/\/rareecommerce.shop\/es\/wp-json\/wp\/v2\/product\/13477","targetHints":{"allow":["GET"]}}],"collection":[{"href":"https:\/\/rareecommerce.shop\/es\/wp-json\/wp\/v2\/product"}],"about":[{"href":"https:\/\/rareecommerce.shop\/es\/wp-json\/wp\/v2\/types\/product"}],"replies":[{"embeddable":true,"href":"https:\/\/rareecommerce.shop\/es\/wp-json\/wp\/v2\/comments?post=13477"}],"version-history":[{"count":4,"href":"https:\/\/rareecommerce.shop\/es\/wp-json\/wp\/v2\/product\/13477\/revisions"}],"predecessor-version":[{"id":13513,"href":"https:\/\/rareecommerce.shop\/es\/wp-json\/wp\/v2\/product\/13477\/revisions\/13513"}],"wp:featuredmedia":[{"embeddable":true,"href":"https:\/\/rareecommerce.shop\/es\/wp-json\/wp\/v2\/media\/13484"}],"wp:attachment":[{"href":"https:\/\/rareecommerce.shop\/es\/wp-json\/wp\/v2\/media?parent=13477"}],"wp:term":[{"taxonomy":"brand","embeddable":true,"href":"https:\/\/rareecommerce.shop\/es\/wp-json\/wp\/v2\/etheme_brands?post=13477"},{"taxonomy":"product_brand","embeddable":true,"href":"https:\/\/rareecommerce.shop\/es\/wp-json\/wp\/v2\/product_brand?post=13477"},{"taxonomy":"product_cat","embeddable":true,"href":"https:\/\/rareecommerce.shop\/es\/wp-json\/wp\/v2\/product_cat?post=13477"},{"taxonomy":"product_tag","embeddable":true,"href":"https:\/\/rareecommerce.shop\/es\/wp-json\/wp\/v2\/product_tag?post=13477"}],"curies":[{"name":"wp","href":"https:\/\/api.w.org\/{rel}","templated":true}]}}